{"id":1300,"date":"2024-10-23T21:13:13","date_gmt":"2024-10-23T21:13:13","guid":{"rendered":"https:\/\/hostgamer.com.br\/?page_id=1300"},"modified":"2026-04-01T10:36:16","modified_gmt":"2026-04-01T13:36:16","slug":"sobre-nos","status":"publish","type":"page","link":"https:\/\/hostgamer.com.br\/es\/nosotros\/","title":{"rendered":"Nosotros"},"content":{"rendered":"<div data-elementor-type=\"wp-page\" data-elementor-id=\"1300\" class=\"elementor elementor-1300\" data-elementor-post-type=\"page\">\n\t\t\t\t<div class=\"elementor-element elementor-element-c69d3a5 e-flex e-con-boxed e-con e-parent\" data-id=\"c69d3a5\" data-element_type=\"container\" data-e-type=\"container\">\n\t\t\t\t\t<div class=\"e-con-inner\">\n\t\t<div class=\"elementor-element elementor-element-0255e5b e-con-full e-flex e-con e-child\" data-id=\"0255e5b\" data-element_type=\"container\" data-e-type=\"container\">\n\t\t\t\t<div class=\"elementor-element elementor-element-eb4f4a2 elementor-widget elementor-widget-heading\" data-id=\"eb4f4a2\" data-element_type=\"widget\" data-e-type=\"widget\" data-widget_type=\"heading.default\">\n\t\t\t\t<div class=\"elementor-widget-container\">\n\t\t\t\t\t<h1 class=\"elementor-heading-title elementor-size-default\">Nosotros<\/h1>\t\t\t\t<\/div>\n\t\t\t\t<\/div>\n\t\t\t\t<div class=\"elementor-element elementor-element-f949c16 elementor-widget elementor-widget-heading\" data-id=\"f949c16\" data-element_type=\"widget\" data-e-type=\"widget\" data-widget_type=\"heading.default\">\n\t\t\t\t<div class=\"elementor-widget-container\">\n\t\t\t\t\t<h4 class=\"elementor-heading-title elementor-size-default\">Sin lag <br>\u00a1Alto rendimiento!<\/h4>\t\t\t\t<\/div>\n\t\t\t\t<\/div>\n\t\t\t\t<\/div>\n\t\t<div class=\"elementor-element elementor-element-f467adb e-con-full e-flex e-con e-child\" data-id=\"f467adb\" data-element_type=\"container\" data-e-type=\"container\">\n\t\t\t\t<div class=\"elementor-element elementor-element-1cec595 elementor-widget elementor-widget-text-editor\" data-id=\"1cec595\" data-element_type=\"widget\" data-e-type=\"widget\" data-widget_type=\"text-editor.default\">\n\t\t\t\t<div class=\"elementor-widget-container\">\n\t\t\t\t\t\t\t\t\t<p><span style=\"color: #ffffff;\">HostGamer<\/span> es referencia en alojamiento para juegos en l\u00ednea, con servicios robustos que incluyen servidores de juegos, servidores dedicados y soluciones de comunicaci\u00f3n mediante TeamSpeak. Nuestra infraestructura de red est\u00e1 estrat\u00e9gicamente distribuida en centros de datos alrededor del mundo para garantizar m\u00e1xima cobertura y rendimiento.<\/p><p>\u00a0<\/p><p><span style=\"color: #ffffff;\"><strong>\u00a1El servidor ideal para los jugadores m\u00e1s exigentes!<\/strong><\/span><\/p><p>\u00a0<\/p><p>Entendemos que una red eficiente necesita ir m\u00e1s all\u00e1 de una buena conectividad. Por eso, utilizamos solo componentes de nivel empresarial en nuestros servidores, asegurando rendimiento y fiabilidad en cada servicio que ofrecemos.<span style=\"color: var( --e-global-color-text ); font-family: var( --e-global-typography-text-font-family ), Sans-serif; font-size: var( --e-global-typography-text-font-size ); font-weight: var( --e-global-typography-text-font-weight ); text-align: var(--text-align); background-color: var( --e-global-color-secondary );\">\u00a0<\/span><\/p><p><span style=\"color: var(--e-global-color-text); font-family: var(--e-global-typography-text-font-family), Sans-serif; font-size: var(--e-global-typography-text-font-size); font-weight: var(--e-global-typography-text-font-weight); text-align: var(--text-align); background-color: var(--e-global-color-secondary);\">\u00a0<\/span><\/p><p>Adem\u00e1s de servidores de juegos, ofrecemos soporte completo para TeamSpeak, una de las plataformas m\u00e1s populares para la comunicaci\u00f3n en equipo. Ya sea para coordinar partidas estrat\u00e9gicas o mantener una comunicaci\u00f3n fluida en torneos, el TeamSpeak de HostGamer ofrece baja latencia y alta estabilidad, proporcionando una experiencia clara y eficiente.<\/p><p>\u00a0<span style=\"background-color: var(--e-global-color-secondary); color: var(--e-global-color-text); font-family: var(--e-global-typography-text-font-family), Sans-serif; font-size: var(--e-global-typography-text-font-size); font-weight: var(--e-global-typography-text-font-weight); text-align: var(--text-align);\">\u00a0<\/span><\/p><p>Desde el principio, nuestra misi\u00f3n ha sido ofrecer un servicio de calidad incomparable, tanto en los servidores que proporcionamos como en el soporte excepcional para cada cliente.<\/p>\t\t\t\t\t\t\t\t<\/div>\n\t\t\t\t<\/div>\n\t\t\t\t<\/div>\n\t\t\t\t\t<\/div>\n\t\t\t\t<\/div>\n\t\t<div class=\"elementor-element elementor-element-d16fcb8 e-con-full e-flex e-con e-parent\" data-id=\"d16fcb8\" data-element_type=\"container\" data-e-type=\"container\">\n\t\t\t\t<div class=\"elementor-element elementor-element-b3e9e2e elementor-widget elementor-widget-template\" data-id=\"b3e9e2e\" data-element_type=\"widget\" data-e-type=\"widget\" data-widget_type=\"template.default\">\n\t\t\t\t<div class=\"elementor-widget-container\">\n\t\t\t\t\t\t\t<div class=\"elementor-template\">\n\t\t\t\t\t<div data-elementor-type=\"container\" data-elementor-id=\"3455\" class=\"elementor elementor-3455\" data-elementor-post-type=\"elementor_library\">\n\t\t\t\t<div class=\"elementor-element elementor-element-bde7f68 e-con-full e-flex e-con e-parent\" data-id=\"bde7f68\" data-element_type=\"container\" data-e-type=\"container\">\n\t\t\t\t<div class=\"elementor-element elementor-element-7090ac3 elementor-hidden-mobile elementor-widget-divider--view-line elementor-widget elementor-widget-divider\" data-id=\"7090ac3\" data-element_type=\"widget\" data-e-type=\"widget\" data-widget_type=\"divider.default\">\n\t\t\t\t<div class=\"elementor-widget-container\">\n\t\t\t\t\t\t\t<div class=\"elementor-divider\">\n\t\t\t<span class=\"elementor-divider-separator\">\n\t\t\t\t\t\t<\/span>\n\t\t<\/div>\n\t\t\t\t\t\t<\/div>\n\t\t\t\t<\/div>\n\t\t\t\t<div class=\"elementor-element elementor-element-8430cf4 elementor-hidden-desktop elementor-hidden-tablet elementor-widget-divider--view-line elementor-widget elementor-widget-divider\" data-id=\"8430cf4\" data-element_type=\"widget\" data-e-type=\"widget\" data-widget_type=\"divider.default\">\n\t\t\t\t<div class=\"elementor-widget-container\">\n\t\t\t\t\t\t\t<div class=\"elementor-divider\">\n\t\t\t<span class=\"elementor-divider-separator\">\n\t\t\t\t\t\t<\/span>\n\t\t<\/div>\n\t\t\t\t\t\t<\/div>\n\t\t\t\t<\/div>\n\t\t\t\t<\/div>\n\t\t\t\t<\/div>\n\t\t\t\t<\/div>\n\t\t\t\t\t\t<\/div>\n\t\t\t\t<\/div>\n\t\t\t\t<\/div>\n\t\t<div class=\"elementor-element elementor-element-085a2ed e-flex e-con-boxed e-con e-parent\" data-id=\"085a2ed\" data-element_type=\"container\" data-e-type=\"container\">\n\t\t\t\t\t<div class=\"e-con-inner\">\n\t\t<div class=\"elementor-element elementor-element-2f72525 e-con-full e-flex e-con e-child\" data-id=\"2f72525\" data-element_type=\"container\" data-e-type=\"container\">\n\t\t\t\t<div class=\"elementor-element elementor-element-12dca9d elementor-widget elementor-widget-heading\" data-id=\"12dca9d\" data-element_type=\"widget\" data-e-type=\"widget\" data-widget_type=\"heading.default\">\n\t\t\t\t<div class=\"elementor-widget-container\">\n\t\t\t\t\t<h2 class=\"elementor-heading-title elementor-size-default\">Servidores<\/h2>\t\t\t\t<\/div>\n\t\t\t\t<\/div>\n\t\t\t\t<div class=\"elementor-element elementor-element-f2247d9 elementor-widget__width-initial elementor-widget elementor-widget-text-editor\" data-id=\"f2247d9\" data-element_type=\"widget\" data-e-type=\"widget\" data-widget_type=\"text-editor.default\">\n\t\t\t\t<div class=\"elementor-widget-container\">\n\t\t\t\t\t\t\t\t\t<p>Nossos servidores ficam em S\u00e3o Paulo, para garantir a melhor conex\u00e3o e desempenho em seus jogos.<\/p>\t\t\t\t\t\t\t\t<\/div>\n\t\t\t\t<\/div>\n\t\t\t\t<\/div>\n\t\t<div class=\"elementor-element elementor-element-2fb9640 e-con-full e-flex e-con e-child\" data-id=\"2fb9640\" data-element_type=\"container\" data-e-type=\"container\">\n\t\t\t\t<div class=\"elementor-element elementor-element-bc14a67 elementor-widget elementor-widget-image\" data-id=\"bc14a67\" data-element_type=\"widget\" data-e-type=\"widget\" data-widget_type=\"image.default\">\n\t\t\t\t<div class=\"elementor-widget-container\">\n\t\t\t\t\t\t\t\t\t\t\t\t\t\t\t<img loading=\"lazy\" decoding=\"async\" width=\"800\" height=\"816\" src=\"https:\/\/hostgamer.com.br\/wp-content\/uploads\/2026\/04\/Group-33.svg\" class=\"attachment-large size-large wp-image-5652\" alt=\"\" \/>\t\t\t\t\t\t\t\t\t\t\t\t\t\t\t<\/div>\n\t\t\t\t<\/div>\n\t\t\t\t<\/div>\n\t\t\t\t\t<\/div>\n\t\t\t\t<\/div>\n\t\t<div class=\"elementor-element elementor-element-323e25e e-flex e-con-boxed e-con e-parent\" data-id=\"323e25e\" data-element_type=\"container\" data-e-type=\"container\">\n\t\t\t\t\t<div class=\"e-con-inner\">\n\t\t<div class=\"elementor-element elementor-element-484fc73 e-con-full e-flex e-con e-child\" data-id=\"484fc73\" data-element_type=\"container\" data-e-type=\"container\" data-settings=\"{&quot;background_background&quot;:&quot;classic&quot;}\">\n\t\t<div class=\"elementor-element elementor-element-029b0dd e-con-full e-flex e-con e-child\" data-id=\"029b0dd\" data-element_type=\"container\" data-e-type=\"container\">\n\t\t\t\t<div class=\"elementor-element elementor-element-a2175be elementor-widget elementor-widget-heading\" data-id=\"a2175be\" data-element_type=\"widget\" data-e-type=\"widget\" data-widget_type=\"heading.default\">\n\t\t\t\t<div class=\"elementor-widget-container\">\n\t\t\t\t\t<h3 class=\"elementor-heading-title elementor-size-default\">\u00bfQu\u00e9 ubicaci\u00f3n ser\u00eda mejor para ti?<\/h3>\t\t\t\t<\/div>\n\t\t\t\t<\/div>\n\t\t\t\t<div class=\"elementor-element elementor-element-6db4743 elementor-widget elementor-widget-button\" data-id=\"6db4743\" data-element_type=\"widget\" data-e-type=\"widget\" data-widget_type=\"button.default\">\n\t\t\t\t<div class=\"elementor-widget-container\">\n\t\t\t\t\t\t\t\t\t<div class=\"elementor-button-wrapper\">\n\t\t\t\t\t<a class=\"elementor-button elementor-button-link elementor-size-sm\" href=\"https:\/\/hostgamer.com.br\/es\/contacto\/?assunto=Preciso de outra localiza\u00e7\u00e3o de servidor\">\n\t\t\t\t\t\t<span class=\"elementor-button-content-wrapper\">\n\t\t\t\t\t\t\t\t\t<span class=\"elementor-button-text\">Cont\u00e1ctanos<\/span>\n\t\t\t\t\t<\/span>\n\t\t\t\t\t<\/a>\n\t\t\t\t<\/div>\n\t\t\t\t\t\t\t\t<\/div>\n\t\t\t\t<\/div>\n\t\t\t\t<\/div>\n\t\t<div class=\"elementor-element elementor-element-1770d36 e-con-full e-flex e-con e-child\" data-id=\"1770d36\" data-element_type=\"container\" data-e-type=\"container\">\n\t\t\t\t<div class=\"elementor-element elementor-element-663e40d elementor-absolute elementor-widget elementor-widget-image\" data-id=\"663e40d\" data-element_type=\"widget\" data-e-type=\"widget\" data-settings=\"{&quot;_position&quot;:&quot;absolute&quot;}\" data-widget_type=\"image.default\">\n\t\t\t\t<div class=\"elementor-widget-container\">\n\t\t\t\t\t\t\t\t\t\t\t\t\t\t\t<img loading=\"lazy\" decoding=\"async\" width=\"427\" height=\"346\" src=\"https:\/\/hostgamer.com.br\/wp-content\/uploads\/2024\/10\/servidores_.png\" class=\"attachment-large size-large wp-image-3187\" alt=\"\" srcset=\"https:\/\/hostgamer.com.br\/wp-content\/uploads\/2024\/10\/servidores_.png 427w, https:\/\/hostgamer.com.br\/wp-content\/uploads\/2024\/10\/servidores_-15x12.png 15w\" sizes=\"auto, (max-width: 427px) 100vw, 427px\" \/>\t\t\t\t\t\t\t\t\t\t\t\t\t\t\t<\/div>\n\t\t\t\t<\/div>\n\t\t\t\t<\/div>\n\t\t\t\t<\/div>\n\t\t\t\t\t<\/div>\n\t\t\t\t<\/div>\n\t\t\t\t<\/div>","protected":false},"excerpt":{"rendered":"<p>Sobre N\u00f3s Sem lag, Alta performace! HostGamer \u00e9 refer\u00eancia em hospedagem para jogos online, com servi\u00e7os robustos que incluem servidores de jogos, servidores dedicados e solu\u00e7\u00f5es de comunica\u00e7\u00e3o via TeamSpeak. Nossa infraestrutura de rede \u00e9 estrategicamente distribu\u00edda em data centers ao redor do mundo para garantir m\u00e1xima cobertura e desempenho. \u00a0 O servidor ideal para [&hellip;]<\/p>","protected":false},"author":1,"featured_media":0,"parent":0,"menu_order":0,"comment_status":"closed","ping_status":"closed","template":"","meta":{"inline_featured_image":false,"footnotes":""},"class_list":["post-1300","page","type-page","status-publish","hentry"],"yoast_head":"<!-- This site is optimized with the Yoast SEO Premium plugin v23.8 (Yoast SEO v23.8) - https:\/\/yoast.com\/wordpress\/plugins\/seo\/ -->\n<title>Sobre N\u00f3s - HostGamer<\/title>\n<meta name=\"robots\" content=\"index, follow, max-snippet:-1, max-image-preview:large, max-video-preview:-1\" \/>\n<link rel=\"canonical\" href=\"https:\/\/hostgamer.com.br\/es\/nosotros\/\" \/>\n<meta property=\"og:locale\" content=\"es_ES\" \/>\n<meta property=\"og:type\" content=\"article\" \/>\n<meta property=\"og:title\" content=\"Sobre N\u00f3s\" \/>\n<meta property=\"og:description\" content=\"Sobre N\u00f3s Sem lag, Alta performace! HostGamer \u00e9 refer\u00eancia em hospedagem para jogos online, com servi\u00e7os robustos que incluem servidores de jogos, servidores dedicados e solu\u00e7\u00f5es de comunica\u00e7\u00e3o via TeamSpeak. Nossa infraestrutura de rede \u00e9 estrategicamente distribu\u00edda em data centers ao redor do mundo para garantir m\u00e1xima cobertura e desempenho. \u00a0 O servidor ideal para [&hellip;]\" \/>\n<meta property=\"og:url\" content=\"https:\/\/hostgamer.com.br\/es\/nosotros\/\" \/>\n<meta property=\"og:site_name\" content=\"HostGamer\" \/>\n<meta property=\"article:modified_time\" content=\"2026-04-01T13:36:16+00:00\" \/>\n<meta name=\"twitter:card\" content=\"summary_large_image\" \/>\n<meta name=\"twitter:label1\" content=\"Tiempo de lectura\" \/>\n\t<meta name=\"twitter:data1\" content=\"2 minutos\" \/>\n<script type=\"application\/ld+json\" class=\"yoast-schema-graph\">{\"@context\":\"https:\/\/schema.org\",\"@graph\":[{\"@type\":\"WebPage\",\"@id\":\"https:\/\/hostgamer.com.br\/sobre-nos\/\",\"url\":\"https:\/\/hostgamer.com.br\/sobre-nos\/\",\"name\":\"Sobre N\u00f3s - HostGamer\",\"isPartOf\":{\"@id\":\"https:\/\/hostgamer.com.br\/#website\"},\"primaryImageOfPage\":{\"@id\":\"https:\/\/hostgamer.com.br\/sobre-nos\/#primaryimage\"},\"image\":{\"@id\":\"https:\/\/hostgamer.com.br\/sobre-nos\/#primaryimage\"},\"thumbnailUrl\":\"https:\/\/hostgamer.com.br\/wp-content\/uploads\/2026\/04\/Group-33.svg\",\"datePublished\":\"2024-10-23T21:13:13+00:00\",\"dateModified\":\"2026-04-01T13:36:16+00:00\",\"breadcrumb\":{\"@id\":\"https:\/\/hostgamer.com.br\/sobre-nos\/#breadcrumb\"},\"inLanguage\":\"es-AR\",\"potentialAction\":[{\"@type\":\"ReadAction\",\"target\":[\"https:\/\/hostgamer.com.br\/sobre-nos\/\"]}]},{\"@type\":\"ImageObject\",\"inLanguage\":\"es-AR\",\"@id\":\"https:\/\/hostgamer.com.br\/sobre-nos\/#primaryimage\",\"url\":\"https:\/\/hostgamer.com.br\/wp-content\/uploads\/2026\/04\/Group-33.svg\",\"contentUrl\":\"https:\/\/hostgamer.com.br\/wp-content\/uploads\/2026\/04\/Group-33.svg\"},{\"@type\":\"BreadcrumbList\",\"@id\":\"https:\/\/hostgamer.com.br\/sobre-nos\/#breadcrumb\",\"itemListElement\":[{\"@type\":\"ListItem\",\"position\":1,\"name\":\"In\u00edcio\",\"item\":\"https:\/\/hostgamer.com.br\/\"},{\"@type\":\"ListItem\",\"position\":2,\"name\":\"Sobre N\u00f3s\"}]},{\"@type\":\"WebSite\",\"@id\":\"https:\/\/hostgamer.com.br\/#website\",\"url\":\"https:\/\/hostgamer.com.br\/\",\"name\":\"HostGamer\",\"description\":\"Solu\u00e7\u00f5es em hospedagem de jogos online\",\"publisher\":{\"@id\":\"https:\/\/hostgamer.com.br\/#organization\"},\"potentialAction\":[{\"@type\":\"SearchAction\",\"target\":{\"@type\":\"EntryPoint\",\"urlTemplate\":\"https:\/\/hostgamer.com.br\/?s={search_term_string}\"},\"query-input\":{\"@type\":\"PropertyValueSpecification\",\"valueRequired\":true,\"valueName\":\"search_term_string\"}}],\"inLanguage\":\"es-AR\"},{\"@type\":\"Organization\",\"@id\":\"https:\/\/hostgamer.com.br\/#organization\",\"name\":\"HostGamer\",\"url\":\"https:\/\/hostgamer.com.br\/\",\"logo\":{\"@type\":\"ImageObject\",\"inLanguage\":\"es-AR\",\"@id\":\"https:\/\/hostgamer.com.br\/#\/schema\/logo\/image\/\",\"url\":\"https:\/\/hostgamer.com.br\/wp-content\/uploads\/2024\/10\/favicon.png\",\"contentUrl\":\"https:\/\/hostgamer.com.br\/wp-content\/uploads\/2024\/10\/favicon.png\",\"width\":512,\"height\":512,\"caption\":\"HostGamer\"},\"image\":{\"@id\":\"https:\/\/hostgamer.com.br\/#\/schema\/logo\/image\/\"}}]}<\/script>\n<!-- \/ Yoast SEO Premium plugin. -->","yoast_head_json":{"title":"Sobre N\u00f3s - HostGamer","robots":{"index":"index","follow":"follow","max-snippet":"max-snippet:-1","max-image-preview":"max-image-preview:large","max-video-preview":"max-video-preview:-1"},"canonical":"https:\/\/hostgamer.com.br\/es\/nosotros\/","og_locale":"es_ES","og_type":"article","og_title":"Sobre N\u00f3s","og_description":"Sobre N\u00f3s Sem lag, Alta performace! HostGamer \u00e9 refer\u00eancia em hospedagem para jogos online, com servi\u00e7os robustos que incluem servidores de jogos, servidores dedicados e solu\u00e7\u00f5es de comunica\u00e7\u00e3o via TeamSpeak. Nossa infraestrutura de rede \u00e9 estrategicamente distribu\u00edda em data centers ao redor do mundo para garantir m\u00e1xima cobertura e desempenho. \u00a0 O servidor ideal para [&hellip;]","og_url":"https:\/\/hostgamer.com.br\/es\/nosotros\/","og_site_name":"HostGamer","article_modified_time":"2026-04-01T13:36:16+00:00","twitter_card":"summary_large_image","twitter_misc":{"Tiempo de lectura":"2 minutos"},"schema":{"@context":"https:\/\/schema.org","@graph":[{"@type":"WebPage","@id":"https:\/\/hostgamer.com.br\/sobre-nos\/","url":"https:\/\/hostgamer.com.br\/sobre-nos\/","name":"Sobre N\u00f3s - HostGamer","isPartOf":{"@id":"https:\/\/hostgamer.com.br\/#website"},"primaryImageOfPage":{"@id":"https:\/\/hostgamer.com.br\/sobre-nos\/#primaryimage"},"image":{"@id":"https:\/\/hostgamer.com.br\/sobre-nos\/#primaryimage"},"thumbnailUrl":"https:\/\/hostgamer.com.br\/wp-content\/uploads\/2026\/04\/Group-33.svg","datePublished":"2024-10-23T21:13:13+00:00","dateModified":"2026-04-01T13:36:16+00:00","breadcrumb":{"@id":"https:\/\/hostgamer.com.br\/sobre-nos\/#breadcrumb"},"inLanguage":"es-AR","potentialAction":[{"@type":"ReadAction","target":["https:\/\/hostgamer.com.br\/sobre-nos\/"]}]},{"@type":"ImageObject","inLanguage":"es-AR","@id":"https:\/\/hostgamer.com.br\/sobre-nos\/#primaryimage","url":"https:\/\/hostgamer.com.br\/wp-content\/uploads\/2026\/04\/Group-33.svg","contentUrl":"https:\/\/hostgamer.com.br\/wp-content\/uploads\/2026\/04\/Group-33.svg"},{"@type":"BreadcrumbList","@id":"https:\/\/hostgamer.com.br\/sobre-nos\/#breadcrumb","itemListElement":[{"@type":"ListItem","position":1,"name":"In\u00edcio","item":"https:\/\/hostgamer.com.br\/"},{"@type":"ListItem","position":2,"name":"Sobre N\u00f3s"}]},{"@type":"WebSite","@id":"https:\/\/hostgamer.com.br\/#website","url":"https:\/\/hostgamer.com.br\/","name":"HostGamer","description":"Solu\u00e7\u00f5es em hospedagem de jogos online","publisher":{"@id":"https:\/\/hostgamer.com.br\/#organization"},"potentialAction":[{"@type":"SearchAction","target":{"@type":"EntryPoint","urlTemplate":"https:\/\/hostgamer.com.br\/?s={search_term_string}"},"query-input":{"@type":"PropertyValueSpecification","valueRequired":true,"valueName":"search_term_string"}}],"inLanguage":"es-AR"},{"@type":"Organization","@id":"https:\/\/hostgamer.com.br\/#organization","name":"HostGamer","url":"https:\/\/hostgamer.com.br\/","logo":{"@type":"ImageObject","inLanguage":"es-AR","@id":"https:\/\/hostgamer.com.br\/#\/schema\/logo\/image\/","url":"https:\/\/hostgamer.com.br\/wp-content\/uploads\/2024\/10\/favicon.png","contentUrl":"https:\/\/hostgamer.com.br\/wp-content\/uploads\/2024\/10\/favicon.png","width":512,"height":512,"caption":"HostGamer"},"image":{"@id":"https:\/\/hostgamer.com.br\/#\/schema\/logo\/image\/"}}]}},"_links":{"self":[{"href":"https:\/\/hostgamer.com.br\/es\/wp-json\/wp\/v2\/pages\/1300","targetHints":{"allow":["GET"]}}],"collection":[{"href":"https:\/\/hostgamer.com.br\/es\/wp-json\/wp\/v2\/pages"}],"about":[{"href":"https:\/\/hostgamer.com.br\/es\/wp-json\/wp\/v2\/types\/page"}],"author":[{"embeddable":true,"href":"https:\/\/hostgamer.com.br\/es\/wp-json\/wp\/v2\/users\/1"}],"replies":[{"embeddable":true,"href":"https:\/\/hostgamer.com.br\/es\/wp-json\/wp\/v2\/comments?post=1300"}],"version-history":[{"count":9,"href":"https:\/\/hostgamer.com.br\/es\/wp-json\/wp\/v2\/pages\/1300\/revisions"}],"predecessor-version":[{"id":5655,"href":"https:\/\/hostgamer.com.br\/es\/wp-json\/wp\/v2\/pages\/1300\/revisions\/5655"}],"wp:attachment":[{"href":"https:\/\/hostgamer.com.br\/es\/wp-json\/wp\/v2\/media?parent=1300"}],"curies":[{"name":"wp","href":"https:\/\/api.w.org\/{rel}","templated":true}]}}