{"id":2327,"date":"2024-10-26T01:27:41","date_gmt":"2024-10-26T04:27:41","guid":{"rendered":"https:\/\/hostgamer.com.br\/?page_id=2327"},"modified":"2024-11-02T21:32:55","modified_gmt":"2024-11-03T00:32:55","slug":"teamspeak","status":"publish","type":"page","link":"https:\/\/hostgamer.com.br\/en\/teamspeak\/","title":{"rendered":"TeamSpeak"},"content":{"rendered":"<div data-elementor-type=\"wp-page\" data-elementor-id=\"2327\" class=\"elementor elementor-2327\" data-elementor-post-type=\"page\">\n\t\t\t\t<div class=\"elementor-element elementor-element-c69d3a5 e-flex e-con-boxed e-con e-parent\" data-id=\"c69d3a5\" data-element_type=\"container\" data-e-type=\"container\">\n\t\t\t\t\t<div class=\"e-con-inner\">\n\t\t\t\t<div class=\"elementor-element elementor-element-81e3241 elementor-button-align-start elementor-widget__width-initial dd-ele-form elementor-widget elementor-widget-form\" data-id=\"81e3241\" data-element_type=\"widget\" data-e-type=\"widget\" data-settings=\"{&quot;step_next_label&quot;:&quot;Next&quot;,&quot;step_previous_label&quot;:&quot;Previous&quot;,&quot;button_width&quot;:&quot;100&quot;,&quot;step_type&quot;:&quot;number_text&quot;,&quot;step_icon_shape&quot;:&quot;circle&quot;}\" data-widget_type=\"form.default\">\n\t\t\t\t<div class=\"elementor-widget-container\">\n\t\t\t\t\t\t\t<form class=\"elementor-form\" method=\"post\" name=\"Contato\" aria-label=\"Contact Us\" action=\"\">\n\t\t\t<input type=\"hidden\" name=\"post_id\" value=\"2327\"\/>\n\t\t\t<input type=\"hidden\" name=\"form_id\" value=\"81e3241\"\/>\n\t\t\t<input type=\"hidden\" name=\"referer_title\" value=\"HostGamer\" \/>\n\n\t\t\t\n\t\t\t<div class=\"elementor-form-fields-wrapper elementor-labels-above\">\n\t\t\t\t\t\t\t\t<div class=\"elementor-field-type-text elementor-field-group elementor-column elementor-field-group-nome elementor-col-100 elementor-field-required elementor-mark-required\">\n\t\t\t\t\t\t\t\t\t\t\t\t<label for=\"form-field-nome\" class=\"elementor-field-label\">\n\t\t\t\t\t\t\t\tYour Name\t\t\t\t\t\t\t<\/label>\n\t\t\t\t\t\t\t\t\t\t\t\t\t\t<input size=\"1\" type=\"text\" name=\"form_fields[nome]\" id=\"form-field-nome\" class=\"elementor-field elementor-size-sm  elementor-field-textual\" required=\"required\">\n\t\t\t\t\t\t\t\t\t\t\t<\/div>\n\t\t\t\t\t\t\t\t<div class=\"elementor-field-type-email elementor-field-group elementor-column elementor-field-group-email_contato elementor-col-100 elementor-field-required elementor-mark-required\">\n\t\t\t\t\t\t\t\t\t\t\t\t<label for=\"form-field-email_contato\" class=\"elementor-field-label\">\n\t\t\t\t\t\t\t\tYour best email\t\t\t\t\t\t\t<\/label>\n\t\t\t\t\t\t\t\t\t\t\t\t\t\t<input size=\"1\" type=\"email\" name=\"form_fields[email_contato]\" id=\"form-field-email_contato\" class=\"elementor-field elementor-size-sm  elementor-field-textual\" required=\"required\">\n\t\t\t\t\t\t\t\t\t\t\t<\/div>\n\t\t\t\t\t\t\t\t<div class=\"elementor-field-type-html elementor-field-group elementor-column elementor-field-group-field_9989849 elementor-col-100\">\n\t\t\t\t\t<div class=\"titu-ts\">\n<img decoding=\"async\" src=\"https:\/\/hostgamer.com.br\/wp-content\/uploads\/2024\/10\/logo-ts.svg\"\/><h4>Server Information<\/h4>\n<\/div>\t\t\t\t<\/div>\n\t\t\t\t\t\t\t\t<div class=\"elementor-field-type-number elementor-field-group elementor-column elementor-field-group-slots elementor-col-100 elementor-field-required elementor-mark-required\">\n\t\t\t\t\t\t\t\t\t\t\t\t<label for=\"form-field-slots\" class=\"elementor-field-label\">\n\t\t\t\t\t\t\t\tNumber of slots (min. 5, max. 500)\t\t\t\t\t\t\t<\/label>\n\t\t\t\t\t\t\t\t\t<input type=\"number\" name=\"form_fields[slots]\" id=\"form-field-slots\" class=\"elementor-field elementor-size-sm  elementor-field-textual\" placeholder=\"5 m\u00e1x 500 slots\" required=\"required\" min=\"1\" max=\"500\" >\n\t\t\t\t\t\t<\/div>\n\t\t\t\t\t\t\t\t<div class=\"elementor-field-type-select elementor-field-group elementor-column elementor-field-group-localizacao elementor-col-100 elementor-field-required elementor-mark-required\">\n\t\t\t\t\t\t\t\t\t\t\t\t<label for=\"form-field-localizacao\" class=\"elementor-field-label\">\n\t\t\t\t\t\t\t\tLocation\t\t\t\t\t\t\t<\/label>\n\t\t\t\t\t\t\t\t<div class=\"elementor-field elementor-select-wrapper remove-before\">\n\t\t\t<div class=\"select-caret-down-wrapper\">\n\t\t\t\t<svg aria-hidden=\"true\" class=\"e-font-icon-svg e-eicon-caret-down\" viewbox=\"0 0 571.4 571.4\" xmlns=\"http:\/\/www.w3.org\/2000\/svg\"><path d=\"M571 393Q571 407 561 418L311 668Q300 679 286 679T261 668L11 418Q0 407 0 393T11 368 36 357H536Q550 357 561 368T571 393Z\"><\/path><\/svg>\t\t\t<\/div>\n\t\t\t<select name=\"form_fields[localizacao]\" id=\"form-field-localizacao\" class=\"elementor-field-textual elementor-size-sm\" required=\"required\">\n\t\t\t\t\t\t\t\t\t<option value=\"\">Choose the location <\/option>\n\t\t\t\t\t\t\t\t\t<option value=\"S\u00e3o Paulo - SP\">S\u00e3o Paulo - SP<\/option>\n\t\t\t\t\t\t\t\t\t<option value=\"Rio de Janeiro - RJ\">Rio de Janeiro - RJ<\/option>\n\t\t\t\t\t\t\t\t\t<option value=\"Fortaleza - CE\">Fortaleza - CE<\/option>\n\t\t\t\t\t\t\t<\/select>\n\t\t<\/div>\n\t\t\t\t\t\t<\/div>\n\t\t\t\t\t\t\t\t<div class=\"elementor-field-type-select elementor-field-group elementor-column elementor-field-group-ciclo elementor-col-100 elementor-field-required elementor-mark-required\">\n\t\t\t\t\t\t\t\t\t\t\t\t<label for=\"form-field-ciclo\" class=\"elementor-field-label\">\n\t\t\t\t\t\t\t\tPayment cycle\t\t\t\t\t\t\t<\/label>\n\t\t\t\t\t\t\t\t<div class=\"elementor-field elementor-select-wrapper remove-before\">\n\t\t\t<div class=\"select-caret-down-wrapper\">\n\t\t\t\t<svg aria-hidden=\"true\" class=\"e-font-icon-svg e-eicon-caret-down\" viewbox=\"0 0 571.4 571.4\" xmlns=\"http:\/\/www.w3.org\/2000\/svg\"><path d=\"M571 393Q571 407 561 418L311 668Q300 679 286 679T261 668L11 418Q0 407 0 393T11 368 36 357H536Q550 357 561 368T571 393Z\"><\/path><\/svg>\t\t\t<\/div>\n\t\t\t<select name=\"form_fields[ciclo]\" id=\"form-field-ciclo\" class=\"elementor-field-textual elementor-size-sm\" required=\"required\">\n\t\t\t\t\t\t\t\t\t<option value=\"\">Escolha o cliclo de pagamento <\/option>\n\t\t\t\t\t\t\t\t\t<option value=\"Mensal\">Monthly<\/option>\n\t\t\t\t\t\t\t\t\t<option value=\"Trimestral\">Quarterly<\/option>\n\t\t\t\t\t\t\t\t\t<option value=\"Anual\">Annual<\/option>\n\t\t\t\t\t\t\t<\/select>\n\t\t<\/div>\n\t\t\t\t\t\t<\/div>\n\t\t\t\t\t\t\t\t<div class=\"elementor-field-group elementor-column elementor-field-type-submit elementor-col-100 e-form__buttons\">\n\t\t\t\t\t<button class=\"elementor-button elementor-size-sm\" type=\"submit\">\n\t\t\t\t\t\t<span class=\"elementor-button-content-wrapper\">\n\t\t\t\t\t\t\t\t\t\t\t\t\t\t\t<span class=\"elementor-button-icon\">\n\t\t\t\t\t\t\t\t\t<svg xmlns=\"http:\/\/www.w3.org\/2000\/svg\" id=\"Glyph\" height=\"512\" viewbox=\"0 0 512 512\" width=\"512\"><path d=\"m222.287 278.4 116.154-116.155a8 8 0 0 1 11.313 11.315l-116.154 116.153 85.551 185.36 163.395-445.619-445.619 163.394z\"><\/path><path d=\"m96 424a8 8 0 0 1 -5.657-13.657l96-96a8 8 0 1 1 11.314 11.314l-96 96a7.976 7.976 0 0 1 -5.657 2.343z\"><\/path><path d=\"m32 400a8 8 0 0 1 -5.657-13.657l96-96a8 8 0 0 1 11.314 11.314l-96 96a7.976 7.976 0 0 1 -5.657 2.343z\"><\/path><path d=\"m120 488a8 8 0 0 1 -5.657-13.657l96-96a8 8 0 1 1 11.314 11.314l-96 96a7.976 7.976 0 0 1 -5.657 2.343z\"><\/path><\/svg>\t\t\t\t\t\t\t\t\t\t\t\t\t\t\t\t\t<\/span>\n\t\t\t\t\t\t\t\t\t\t\t\t\t\t\t\t\t\t\t\t\t\t<span class=\"elementor-button-text\">Request teamspeak<\/span>\n\t\t\t\t\t\t\t\t\t\t\t\t\t<\/span>\n\t\t\t\t\t<\/button>\n\t\t\t\t<\/div>\n\t\t\t<\/div>\n\t\t<input type=\"hidden\" name=\"trp-form-language\" value=\"en\"\/><\/form>\n\t\t\t\t\t\t<\/div>\n\t\t\t\t<\/div>\n\t\t\t\t\t<\/div>\n\t\t\t\t<\/div>\n\t\t<div class=\"elementor-element elementor-element-06efede e-flex e-con-boxed e-con e-parent\" data-id=\"06efede\" data-element_type=\"container\" data-e-type=\"container\">\n\t\t\t\t\t<div class=\"e-con-inner\">\n\t\t<a class=\"elementor-element elementor-element-914f45f e-con-full TSdownhover e-flex e-con e-child\" data-id=\"914f45f\" data-element_type=\"container\" data-e-type=\"container\" href=\"https:\/\/filezilla-project.org\/download.php?platform=win64\" target=\"_blank\">\n\t\t\t\t<div class=\"elementor-element elementor-element-4a6c856 elementor-widget elementor-widget-image\" data-id=\"4a6c856\" data-element_type=\"widget\" data-e-type=\"widget\" data-widget_type=\"image.default\">\n\t\t\t\t<div class=\"elementor-widget-container\">\n\t\t\t\t\t\t\t\t\t\t\t\t\t\t\t<img loading=\"lazy\" decoding=\"async\" width=\"800\" height=\"762\" src=\"https:\/\/hostgamer.com.br\/wp-content\/uploads\/2024\/10\/logo-ts.svg\" class=\"attachment-large size-large wp-image-2153\" alt=\"\" \/>\t\t\t\t\t\t\t\t\t\t\t\t\t\t\t<\/div>\n\t\t\t\t<\/div>\n\t\t<div class=\"elementor-element elementor-element-fe87d84 e-con-full e-flex e-con e-child\" data-id=\"fe87d84\" data-element_type=\"container\" data-e-type=\"container\">\n\t\t\t\t<div class=\"elementor-element elementor-element-421421e TSdownhover-titu elementor-widget elementor-widget-heading\" data-id=\"421421e\" data-element_type=\"widget\" data-e-type=\"widget\" data-widget_type=\"heading.default\">\n\t\t\t\t<div class=\"elementor-widget-container\">\n\t\t\t\t\t<h4 class=\"elementor-heading-title elementor-size-default\">Download TeamSpeak<\/h4>\t\t\t\t<\/div>\n\t\t\t\t<\/div>\n\t\t\t\t<div class=\"elementor-element elementor-element-4c2b4fe elementor-widget elementor-widget-text-editor\" data-id=\"4c2b4fe\" data-element_type=\"widget\" data-e-type=\"widget\" data-widget_type=\"text-editor.default\">\n\t\t\t\t<div class=\"elementor-widget-container\">\n\t\t\t\t\t\t\t\t\tTeamSpeak Client delivers lag-free communication, advanced productivity, and world-renowned security.\t\t\t\t\t\t\t\t<\/div>\n\t\t\t\t<\/div>\n\t\t\t\t<\/div>\n\t\t\t\t<div class=\"elementor-element elementor-element-3c5d0e6 TSdownhover-ico elementor-hidden-mobile elementor-view-default elementor-widget elementor-widget-icon\" data-id=\"3c5d0e6\" data-element_type=\"widget\" data-e-type=\"widget\" data-widget_type=\"icon.default\">\n\t\t\t\t<div class=\"elementor-widget-container\">\n\t\t\t\t\t\t\t<div class=\"elementor-icon-wrapper\">\n\t\t\t<div class=\"elementor-icon\">\n\t\t\t<svg aria-hidden=\"true\" class=\"e-font-icon-svg e-fas-cloud-download-alt\" viewbox=\"0 0 640 512\" xmlns=\"http:\/\/www.w3.org\/2000\/svg\"><path d=\"M537.6 226.6c4.1-10.7 6.4-22.4 6.4-34.6 0-53-43-96-96-96-19.7 0-38.1 6-53.3 16.2C367 64.2 315.3 32 256 32c-88.4 0-160 71.6-160 160 0 2.7.1 5.4.2 8.1C40.2 219.8 0 273.2 0 336c0 79.5 64.5 144 144 144h368c70.7 0 128-57.3 128-128 0-61.9-44-113.6-102.4-125.4zm-132.9 88.7L299.3 420.7c-6.2 6.2-16.4 6.2-22.6 0L171.3 315.3c-10.1-10.1-2.9-27.3 11.3-27.3H248V176c0-8.8 7.2-16 16-16h48c8.8 0 16 7.2 16 16v112h65.4c14.2 0 21.4 17.2 11.3 27.3z\"><\/path><\/svg>\t\t\t<\/div>\n\t\t<\/div>\n\t\t\t\t\t\t<\/div>\n\t\t\t\t<\/div>\n\t\t\t\t<div class=\"elementor-element elementor-element-c017bb6 TSdownhover-ico elementor-absolute elementor-hidden-desktop elementor-hidden-tablet elementor-view-default elementor-widget elementor-widget-icon\" data-id=\"c017bb6\" data-element_type=\"widget\" data-e-type=\"widget\" data-settings=\"{&quot;_position&quot;:&quot;absolute&quot;}\" data-widget_type=\"icon.default\">\n\t\t\t\t<div class=\"elementor-widget-container\">\n\t\t\t\t\t\t\t<div class=\"elementor-icon-wrapper\">\n\t\t\t<div class=\"elementor-icon\">\n\t\t\t<svg aria-hidden=\"true\" class=\"e-font-icon-svg e-fas-cloud-download-alt\" viewbox=\"0 0 640 512\" xmlns=\"http:\/\/www.w3.org\/2000\/svg\"><path d=\"M537.6 226.6c4.1-10.7 6.4-22.4 6.4-34.6 0-53-43-96-96-96-19.7 0-38.1 6-53.3 16.2C367 64.2 315.3 32 256 32c-88.4 0-160 71.6-160 160 0 2.7.1 5.4.2 8.1C40.2 219.8 0 273.2 0 336c0 79.5 64.5 144 144 144h368c70.7 0 128-57.3 128-128 0-61.9-44-113.6-102.4-125.4zm-132.9 88.7L299.3 420.7c-6.2 6.2-16.4 6.2-22.6 0L171.3 315.3c-10.1-10.1-2.9-27.3 11.3-27.3H248V176c0-8.8 7.2-16 16-16h48c8.8 0 16 7.2 16 16v112h65.4c14.2 0 21.4 17.2 11.3 27.3z\"><\/path><\/svg>\t\t\t<\/div>\n\t\t<\/div>\n\t\t\t\t\t\t<\/div>\n\t\t\t\t<\/div>\n\t\t\t\t<\/a>\n\t\t\t\t\t<\/div>\n\t\t\t\t<\/div>\n\t\t\t\t<\/div>","protected":false},"excerpt":{"rendered":"<p>Download TeamSpeak TeamSpeak Client oferece comunica\u00e7\u00e3o sem atrasos, produtividade avan\u00e7ada e seguran\u00e7a reconhecida mundialmente.<\/p>","protected":false},"author":1,"featured_media":2141,"parent":0,"menu_order":0,"comment_status":"closed","ping_status":"closed","template":"","meta":{"inline_featured_image":false,"footnotes":""},"class_list":["post-2327","page","type-page","status-publish","has-post-thumbnail","hentry"],"yoast_head":"<!-- This site is optimized with the Yoast SEO Premium plugin v23.8 (Yoast SEO v23.8) - https:\/\/yoast.com\/wordpress\/plugins\/seo\/ -->\n<title>TeamSpeak - HostGamer<\/title>\n<meta name=\"robots\" content=\"index, follow, max-snippet:-1, max-image-preview:large, max-video-preview:-1\" \/>\n<link rel=\"canonical\" href=\"https:\/\/hostgamer.com.br\/en\/teamspeak\/\" \/>\n<meta property=\"og:locale\" content=\"en_US\" \/>\n<meta property=\"og:type\" content=\"article\" \/>\n<meta property=\"og:title\" content=\"TeamSpeak\" \/>\n<meta property=\"og:description\" content=\"Download TeamSpeak TeamSpeak Client oferece comunica\u00e7\u00e3o sem atrasos, produtividade avan\u00e7ada e seguran\u00e7a reconhecida mundialmente.\" \/>\n<meta property=\"og:url\" content=\"https:\/\/hostgamer.com.br\/en\/teamspeak\/\" \/>\n<meta property=\"og:site_name\" content=\"HostGamer\" \/>\n<meta property=\"article:modified_time\" content=\"2024-11-03T00:32:55+00:00\" \/>\n<meta property=\"og:image\" content=\"https:\/\/hostgamer.com.br\/wp-content\/uploads\/2024\/10\/bg-teamspeak.jpg\" \/>\n\t<meta property=\"og:image:width\" content=\"1920\" \/>\n\t<meta property=\"og:image:height\" content=\"471\" \/>\n\t<meta property=\"og:image:type\" content=\"image\/jpeg\" \/>\n<meta name=\"twitter:card\" content=\"summary_large_image\" \/>\n<script type=\"application\/ld+json\" class=\"yoast-schema-graph\">{\"@context\":\"https:\/\/schema.org\",\"@graph\":[{\"@type\":\"WebPage\",\"@id\":\"https:\/\/hostgamer.com.br\/teamspeak\/\",\"url\":\"https:\/\/hostgamer.com.br\/teamspeak\/\",\"name\":\"TeamSpeak - HostGamer\",\"isPartOf\":{\"@id\":\"https:\/\/hostgamer.com.br\/#website\"},\"primaryImageOfPage\":{\"@id\":\"https:\/\/hostgamer.com.br\/teamspeak\/#primaryimage\"},\"image\":{\"@id\":\"https:\/\/hostgamer.com.br\/teamspeak\/#primaryimage\"},\"thumbnailUrl\":\"https:\/\/hostgamer.com.br\/wp-content\/uploads\/2024\/10\/bg-teamspeak.jpg\",\"datePublished\":\"2024-10-26T04:27:41+00:00\",\"dateModified\":\"2024-11-03T00:32:55+00:00\",\"breadcrumb\":{\"@id\":\"https:\/\/hostgamer.com.br\/teamspeak\/#breadcrumb\"},\"inLanguage\":\"en-US\",\"potentialAction\":[{\"@type\":\"ReadAction\",\"target\":[\"https:\/\/hostgamer.com.br\/teamspeak\/\"]}]},{\"@type\":\"ImageObject\",\"inLanguage\":\"en-US\",\"@id\":\"https:\/\/hostgamer.com.br\/teamspeak\/#primaryimage\",\"url\":\"https:\/\/hostgamer.com.br\/wp-content\/uploads\/2024\/10\/bg-teamspeak.jpg\",\"contentUrl\":\"https:\/\/hostgamer.com.br\/wp-content\/uploads\/2024\/10\/bg-teamspeak.jpg\",\"width\":1920,\"height\":471},{\"@type\":\"BreadcrumbList\",\"@id\":\"https:\/\/hostgamer.com.br\/teamspeak\/#breadcrumb\",\"itemListElement\":[{\"@type\":\"ListItem\",\"position\":1,\"name\":\"In\u00edcio\",\"item\":\"https:\/\/hostgamer.com.br\/\"},{\"@type\":\"ListItem\",\"position\":2,\"name\":\"TeamSpeak\"}]},{\"@type\":\"WebSite\",\"@id\":\"https:\/\/hostgamer.com.br\/#website\",\"url\":\"https:\/\/hostgamer.com.br\/\",\"name\":\"HostGamer\",\"description\":\"Solu\u00e7\u00f5es em hospedagem de jogos online\",\"publisher\":{\"@id\":\"https:\/\/hostgamer.com.br\/#organization\"},\"potentialAction\":[{\"@type\":\"SearchAction\",\"target\":{\"@type\":\"EntryPoint\",\"urlTemplate\":\"https:\/\/hostgamer.com.br\/?s={search_term_string}\"},\"query-input\":{\"@type\":\"PropertyValueSpecification\",\"valueRequired\":true,\"valueName\":\"search_term_string\"}}],\"inLanguage\":\"en-US\"},{\"@type\":\"Organization\",\"@id\":\"https:\/\/hostgamer.com.br\/#organization\",\"name\":\"HostGamer\",\"url\":\"https:\/\/hostgamer.com.br\/\",\"logo\":{\"@type\":\"ImageObject\",\"inLanguage\":\"en-US\",\"@id\":\"https:\/\/hostgamer.com.br\/#\/schema\/logo\/image\/\",\"url\":\"https:\/\/hostgamer.com.br\/wp-content\/uploads\/2024\/10\/favicon.png\",\"contentUrl\":\"https:\/\/hostgamer.com.br\/wp-content\/uploads\/2024\/10\/favicon.png\",\"width\":512,\"height\":512,\"caption\":\"HostGamer\"},\"image\":{\"@id\":\"https:\/\/hostgamer.com.br\/#\/schema\/logo\/image\/\"}}]}<\/script>\n<!-- \/ Yoast SEO Premium plugin. -->","yoast_head_json":{"title":"TeamSpeak - HostGamer","robots":{"index":"index","follow":"follow","max-snippet":"max-snippet:-1","max-image-preview":"max-image-preview:large","max-video-preview":"max-video-preview:-1"},"canonical":"https:\/\/hostgamer.com.br\/en\/teamspeak\/","og_locale":"en_US","og_type":"article","og_title":"TeamSpeak","og_description":"Download TeamSpeak TeamSpeak Client oferece comunica\u00e7\u00e3o sem atrasos, produtividade avan\u00e7ada e seguran\u00e7a reconhecida mundialmente.","og_url":"https:\/\/hostgamer.com.br\/en\/teamspeak\/","og_site_name":"HostGamer","article_modified_time":"2024-11-03T00:32:55+00:00","og_image":[{"width":1920,"height":471,"url":"https:\/\/hostgamer.com.br\/wp-content\/uploads\/2024\/10\/bg-teamspeak.jpg","type":"image\/jpeg"}],"twitter_card":"summary_large_image","schema":{"@context":"https:\/\/schema.org","@graph":[{"@type":"WebPage","@id":"https:\/\/hostgamer.com.br\/teamspeak\/","url":"https:\/\/hostgamer.com.br\/teamspeak\/","name":"TeamSpeak - HostGamer","isPartOf":{"@id":"https:\/\/hostgamer.com.br\/#website"},"primaryImageOfPage":{"@id":"https:\/\/hostgamer.com.br\/teamspeak\/#primaryimage"},"image":{"@id":"https:\/\/hostgamer.com.br\/teamspeak\/#primaryimage"},"thumbnailUrl":"https:\/\/hostgamer.com.br\/wp-content\/uploads\/2024\/10\/bg-teamspeak.jpg","datePublished":"2024-10-26T04:27:41+00:00","dateModified":"2024-11-03T00:32:55+00:00","breadcrumb":{"@id":"https:\/\/hostgamer.com.br\/teamspeak\/#breadcrumb"},"inLanguage":"en-US","potentialAction":[{"@type":"ReadAction","target":["https:\/\/hostgamer.com.br\/teamspeak\/"]}]},{"@type":"ImageObject","inLanguage":"en-US","@id":"https:\/\/hostgamer.com.br\/teamspeak\/#primaryimage","url":"https:\/\/hostgamer.com.br\/wp-content\/uploads\/2024\/10\/bg-teamspeak.jpg","contentUrl":"https:\/\/hostgamer.com.br\/wp-content\/uploads\/2024\/10\/bg-teamspeak.jpg","width":1920,"height":471},{"@type":"BreadcrumbList","@id":"https:\/\/hostgamer.com.br\/teamspeak\/#breadcrumb","itemListElement":[{"@type":"ListItem","position":1,"name":"In\u00edcio","item":"https:\/\/hostgamer.com.br\/"},{"@type":"ListItem","position":2,"name":"TeamSpeak"}]},{"@type":"WebSite","@id":"https:\/\/hostgamer.com.br\/#website","url":"https:\/\/hostgamer.com.br\/","name":"HostGamer","description":"Solu\u00e7\u00f5es em hospedagem de jogos online","publisher":{"@id":"https:\/\/hostgamer.com.br\/#organization"},"potentialAction":[{"@type":"SearchAction","target":{"@type":"EntryPoint","urlTemplate":"https:\/\/hostgamer.com.br\/?s={search_term_string}"},"query-input":{"@type":"PropertyValueSpecification","valueRequired":true,"valueName":"search_term_string"}}],"inLanguage":"en-US"},{"@type":"Organization","@id":"https:\/\/hostgamer.com.br\/#organization","name":"HostGamer","url":"https:\/\/hostgamer.com.br\/","logo":{"@type":"ImageObject","inLanguage":"en-US","@id":"https:\/\/hostgamer.com.br\/#\/schema\/logo\/image\/","url":"https:\/\/hostgamer.com.br\/wp-content\/uploads\/2024\/10\/favicon.png","contentUrl":"https:\/\/hostgamer.com.br\/wp-content\/uploads\/2024\/10\/favicon.png","width":512,"height":512,"caption":"HostGamer"},"image":{"@id":"https:\/\/hostgamer.com.br\/#\/schema\/logo\/image\/"}}]}},"_links":{"self":[{"href":"https:\/\/hostgamer.com.br\/en\/wp-json\/wp\/v2\/pages\/2327","targetHints":{"allow":["GET"]}}],"collection":[{"href":"https:\/\/hostgamer.com.br\/en\/wp-json\/wp\/v2\/pages"}],"about":[{"href":"https:\/\/hostgamer.com.br\/en\/wp-json\/wp\/v2\/types\/page"}],"author":[{"embeddable":true,"href":"https:\/\/hostgamer.com.br\/en\/wp-json\/wp\/v2\/users\/1"}],"replies":[{"embeddable":true,"href":"https:\/\/hostgamer.com.br\/en\/wp-json\/wp\/v2\/comments?post=2327"}],"version-history":[{"count":0,"href":"https:\/\/hostgamer.com.br\/en\/wp-json\/wp\/v2\/pages\/2327\/revisions"}],"wp:featuredmedia":[{"embeddable":true,"href":"https:\/\/hostgamer.com.br\/en\/wp-json\/wp\/v2\/media\/2141"}],"wp:attachment":[{"href":"https:\/\/hostgamer.com.br\/en\/wp-json\/wp\/v2\/media?parent=2327"}],"curies":[{"name":"wp","href":"https:\/\/api.w.org\/{rel}","templated":true}]}}