{"id":2187,"date":"2024-10-24T20:55:41","date_gmt":"2024-10-24T23:55:41","guid":{"rendered":"https:\/\/hostgamer.com.br\/?page_id=2187"},"modified":"2024-11-06T23:33:35","modified_gmt":"2024-11-07T02:33:35","slug":"downloads","status":"publish","type":"page","link":"https:\/\/hostgamer.com.br\/en\/downloads\/","title":{"rendered":"Downloads"},"content":{"rendered":"<div data-elementor-type=\"wp-page\" data-elementor-id=\"2187\" class=\"elementor elementor-2187\" data-elementor-post-type=\"page\">\n\t\t\t\t<div class=\"elementor-element elementor-element-c69d3a5 e-flex e-con-boxed e-con e-parent\" data-id=\"c69d3a5\" data-element_type=\"container\" data-e-type=\"container\">\n\t\t\t\t\t<div class=\"e-con-inner\">\n\t\t<a class=\"elementor-element elementor-element-bd71214 e-con-full downhover e-flex e-con e-child\" data-id=\"bd71214\" data-element_type=\"container\" data-e-type=\"container\" href=\"https:\/\/filezilla-project.org\/download.php?platform=win64\" target=\"_blank\">\n\t\t\t\t<div class=\"elementor-element elementor-element-db02622 elementor-widget elementor-widget-image\" data-id=\"db02622\" data-element_type=\"widget\" data-e-type=\"widget\" data-widget_type=\"image.default\">\n\t\t\t\t<div class=\"elementor-widget-container\">\n\t\t\t\t\t\t\t\t\t\t\t\t\t\t\t<img loading=\"lazy\" decoding=\"async\" width=\"800\" height=\"800\" src=\"https:\/\/hostgamer.com.br\/wp-content\/uploads\/2024\/10\/logo-filezilla.svg\" class=\"attachment-large size-large wp-image-2195\" alt=\"\" \/>\t\t\t\t\t\t\t\t\t\t\t\t\t\t\t<\/div>\n\t\t\t\t<\/div>\n\t\t<div class=\"elementor-element elementor-element-70a6b45 e-con-full e-flex e-con e-child\" data-id=\"70a6b45\" data-element_type=\"container\" data-e-type=\"container\">\n\t\t\t\t<div class=\"elementor-element elementor-element-07a3181 downhover-titu elementor-widget elementor-widget-heading\" data-id=\"07a3181\" data-element_type=\"widget\" data-e-type=\"widget\" data-widget_type=\"heading.default\">\n\t\t\t\t<div class=\"elementor-widget-container\">\n\t\t\t\t\t<h4 class=\"elementor-heading-title elementor-size-default\">FileZilla<\/h4>\t\t\t\t<\/div>\n\t\t\t\t<\/div>\n\t\t\t\t<div class=\"elementor-element elementor-element-f038616 elementor-widget elementor-widget-text-editor\" data-id=\"f038616\" data-element_type=\"widget\" data-e-type=\"widget\" data-widget_type=\"text-editor.default\">\n\t\t\t\t<div class=\"elementor-widget-container\">\n\t\t\t\t\t\t\t\t\tThe free FTP solution for client and server.\t\t\t\t\t\t\t\t<\/div>\n\t\t\t\t<\/div>\n\t\t\t\t<\/div>\n\t\t\t\t<div class=\"elementor-element elementor-element-da4b8e9 downhover-ico elementor-hidden-mobile elementor-view-default elementor-widget elementor-widget-icon\" data-id=\"da4b8e9\" data-element_type=\"widget\" data-e-type=\"widget\" data-widget_type=\"icon.default\">\n\t\t\t\t<div class=\"elementor-widget-container\">\n\t\t\t\t\t\t\t<div class=\"elementor-icon-wrapper\">\n\t\t\t<div class=\"elementor-icon\">\n\t\t\t<svg aria-hidden=\"true\" class=\"e-font-icon-svg e-fas-cloud-download-alt\" viewbox=\"0 0 640 512\" xmlns=\"http:\/\/www.w3.org\/2000\/svg\"><path d=\"M537.6 226.6c4.1-10.7 6.4-22.4 6.4-34.6 0-53-43-96-96-96-19.7 0-38.1 6-53.3 16.2C367 64.2 315.3 32 256 32c-88.4 0-160 71.6-160 160 0 2.7.1 5.4.2 8.1C40.2 219.8 0 273.2 0 336c0 79.5 64.5 144 144 144h368c70.7 0 128-57.3 128-128 0-61.9-44-113.6-102.4-125.4zm-132.9 88.7L299.3 420.7c-6.2 6.2-16.4 6.2-22.6 0L171.3 315.3c-10.1-10.1-2.9-27.3 11.3-27.3H248V176c0-8.8 7.2-16 16-16h48c8.8 0 16 7.2 16 16v112h65.4c14.2 0 21.4 17.2 11.3 27.3z\"><\/path><\/svg>\t\t\t<\/div>\n\t\t<\/div>\n\t\t\t\t\t\t<\/div>\n\t\t\t\t<\/div>\n\t\t\t\t<div class=\"elementor-element elementor-element-f72df46 downhover-ico elementor-absolute elementor-hidden-desktop elementor-hidden-tablet elementor-view-default elementor-widget elementor-widget-icon\" data-id=\"f72df46\" data-element_type=\"widget\" data-e-type=\"widget\" data-settings=\"{&quot;_position&quot;:&quot;absolute&quot;}\" data-widget_type=\"icon.default\">\n\t\t\t\t<div class=\"elementor-widget-container\">\n\t\t\t\t\t\t\t<div class=\"elementor-icon-wrapper\">\n\t\t\t<div class=\"elementor-icon\">\n\t\t\t<svg aria-hidden=\"true\" class=\"e-font-icon-svg e-fas-cloud-download-alt\" viewbox=\"0 0 640 512\" xmlns=\"http:\/\/www.w3.org\/2000\/svg\"><path d=\"M537.6 226.6c4.1-10.7 6.4-22.4 6.4-34.6 0-53-43-96-96-96-19.7 0-38.1 6-53.3 16.2C367 64.2 315.3 32 256 32c-88.4 0-160 71.6-160 160 0 2.7.1 5.4.2 8.1C40.2 219.8 0 273.2 0 336c0 79.5 64.5 144 144 144h368c70.7 0 128-57.3 128-128 0-61.9-44-113.6-102.4-125.4zm-132.9 88.7L299.3 420.7c-6.2 6.2-16.4 6.2-22.6 0L171.3 315.3c-10.1-10.1-2.9-27.3 11.3-27.3H248V176c0-8.8 7.2-16 16-16h48c8.8 0 16 7.2 16 16v112h65.4c14.2 0 21.4 17.2 11.3 27.3z\"><\/path><\/svg>\t\t\t<\/div>\n\t\t<\/div>\n\t\t\t\t\t\t<\/div>\n\t\t\t\t<\/div>\n\t\t\t\t<\/a>\n\t\t<a class=\"elementor-element elementor-element-86ecda4 e-con-full downhover e-flex e-con e-child\" data-id=\"86ecda4\" data-element_type=\"container\" data-e-type=\"container\" href=\"https:\/\/drive.google.com\/file\/d\/1KeOYU13-dDL6zX4DGyRw0O-4fwy2lLI_\/view?usp=sharing\" target=\"_blank\">\n\t\t\t\t<div class=\"elementor-element elementor-element-f59109d elementor-widget elementor-widget-image\" data-id=\"f59109d\" data-element_type=\"widget\" data-e-type=\"widget\" data-widget_type=\"image.default\">\n\t\t\t\t<div class=\"elementor-widget-container\">\n\t\t\t\t\t\t\t\t\t\t\t\t\t\t\t<img loading=\"lazy\" decoding=\"async\" width=\"50\" height=\"48\" src=\"https:\/\/hostgamer.com.br\/wp-content\/uploads\/2024\/10\/logo-codrcon.png\" class=\"attachment-large size-large wp-image-2194\" alt=\"\" srcset=\"https:\/\/hostgamer.com.br\/wp-content\/uploads\/2024\/10\/logo-codrcon.png 50w, https:\/\/hostgamer.com.br\/wp-content\/uploads\/2024\/10\/logo-codrcon-13x12.png 13w\" sizes=\"auto, (max-width: 50px) 100vw, 50px\" \/>\t\t\t\t\t\t\t\t\t\t\t\t\t\t\t<\/div>\n\t\t\t\t<\/div>\n\t\t<div class=\"elementor-element elementor-element-830335e e-con-full e-flex e-con e-child\" data-id=\"830335e\" data-element_type=\"container\" data-e-type=\"container\">\n\t\t\t\t<div class=\"elementor-element elementor-element-0522f6e downhover-titu elementor-widget elementor-widget-heading\" data-id=\"0522f6e\" data-element_type=\"widget\" data-e-type=\"widget\" data-widget_type=\"heading.default\">\n\t\t\t\t<div class=\"elementor-widget-container\">\n\t\t\t\t\t<h4 class=\"elementor-heading-title elementor-size-default\">CoDRconTool<\/h4>\t\t\t\t<\/div>\n\t\t\t\t<\/div>\n\t\t\t\t<div class=\"elementor-element elementor-element-0283b50 elementor-widget elementor-widget-text-editor\" data-id=\"0283b50\" data-element_type=\"widget\" data-e-type=\"widget\" data-widget_type=\"text-editor.default\">\n\t\t\t\t<div class=\"elementor-widget-container\">\n\t\t\t\t\t\t\t\t\tVery popular server administration tools for CoD.\t\t\t\t\t\t\t\t<\/div>\n\t\t\t\t<\/div>\n\t\t\t\t<\/div>\n\t\t\t\t<div class=\"elementor-element elementor-element-df1afdb downhover-ico elementor-hidden-mobile elementor-view-default elementor-widget elementor-widget-icon\" data-id=\"df1afdb\" data-element_type=\"widget\" data-e-type=\"widget\" data-widget_type=\"icon.default\">\n\t\t\t\t<div class=\"elementor-widget-container\">\n\t\t\t\t\t\t\t<div class=\"elementor-icon-wrapper\">\n\t\t\t<div class=\"elementor-icon\">\n\t\t\t<svg aria-hidden=\"true\" class=\"e-font-icon-svg e-fas-cloud-download-alt\" viewbox=\"0 0 640 512\" xmlns=\"http:\/\/www.w3.org\/2000\/svg\"><path d=\"M537.6 226.6c4.1-10.7 6.4-22.4 6.4-34.6 0-53-43-96-96-96-19.7 0-38.1 6-53.3 16.2C367 64.2 315.3 32 256 32c-88.4 0-160 71.6-160 160 0 2.7.1 5.4.2 8.1C40.2 219.8 0 273.2 0 336c0 79.5 64.5 144 144 144h368c70.7 0 128-57.3 128-128 0-61.9-44-113.6-102.4-125.4zm-132.9 88.7L299.3 420.7c-6.2 6.2-16.4 6.2-22.6 0L171.3 315.3c-10.1-10.1-2.9-27.3 11.3-27.3H248V176c0-8.8 7.2-16 16-16h48c8.8 0 16 7.2 16 16v112h65.4c14.2 0 21.4 17.2 11.3 27.3z\"><\/path><\/svg>\t\t\t<\/div>\n\t\t<\/div>\n\t\t\t\t\t\t<\/div>\n\t\t\t\t<\/div>\n\t\t\t\t<div class=\"elementor-element elementor-element-5fc43b7 downhover-ico elementor-absolute elementor-hidden-desktop elementor-hidden-tablet elementor-view-default elementor-widget elementor-widget-icon\" data-id=\"5fc43b7\" data-element_type=\"widget\" data-e-type=\"widget\" data-settings=\"{&quot;_position&quot;:&quot;absolute&quot;}\" data-widget_type=\"icon.default\">\n\t\t\t\t<div class=\"elementor-widget-container\">\n\t\t\t\t\t\t\t<div class=\"elementor-icon-wrapper\">\n\t\t\t<div class=\"elementor-icon\">\n\t\t\t<svg aria-hidden=\"true\" class=\"e-font-icon-svg e-fas-cloud-download-alt\" viewbox=\"0 0 640 512\" xmlns=\"http:\/\/www.w3.org\/2000\/svg\"><path d=\"M537.6 226.6c4.1-10.7 6.4-22.4 6.4-34.6 0-53-43-96-96-96-19.7 0-38.1 6-53.3 16.2C367 64.2 315.3 32 256 32c-88.4 0-160 71.6-160 160 0 2.7.1 5.4.2 8.1C40.2 219.8 0 273.2 0 336c0 79.5 64.5 144 144 144h368c70.7 0 128-57.3 128-128 0-61.9-44-113.6-102.4-125.4zm-132.9 88.7L299.3 420.7c-6.2 6.2-16.4 6.2-22.6 0L171.3 315.3c-10.1-10.1-2.9-27.3 11.3-27.3H248V176c0-8.8 7.2-16 16-16h48c8.8 0 16 7.2 16 16v112h65.4c14.2 0 21.4 17.2 11.3 27.3z\"><\/path><\/svg>\t\t\t<\/div>\n\t\t<\/div>\n\t\t\t\t\t\t<\/div>\n\t\t\t\t<\/div>\n\t\t\t\t<\/a>\n\t\t<a class=\"elementor-element elementor-element-9f39e90 e-con-full downhover e-flex e-con e-child\" data-id=\"9f39e90\" data-element_type=\"container\" data-e-type=\"container\" href=\"https:\/\/drive.google.com\/file\/d\/1j2XodSOkxB7ftoltdhL9rgBwoIhrL8qQ\/view?usp=drive_link\" target=\"_blank\">\n\t\t\t\t<div class=\"elementor-element elementor-element-a2043a4 elementor-widget elementor-widget-image\" data-id=\"a2043a4\" data-element_type=\"widget\" data-e-type=\"widget\" data-widget_type=\"image.default\">\n\t\t\t\t<div class=\"elementor-widget-container\">\n\t\t\t\t\t\t\t\t\t\t\t\t\t\t\t<img loading=\"lazy\" decoding=\"async\" width=\"800\" height=\"702\" src=\"https:\/\/hostgamer.com.br\/wp-content\/uploads\/2024\/10\/logo-hlsw.svg\" class=\"attachment-large size-large wp-image-2193\" alt=\"\" \/>\t\t\t\t\t\t\t\t\t\t\t\t\t\t\t<\/div>\n\t\t\t\t<\/div>\n\t\t<div class=\"elementor-element elementor-element-08c9a26 e-con-full e-flex e-con e-child\" data-id=\"08c9a26\" data-element_type=\"container\" data-e-type=\"container\">\n\t\t\t\t<div class=\"elementor-element elementor-element-f18b36b downhover-titu elementor-widget elementor-widget-heading\" data-id=\"f18b36b\" data-element_type=\"widget\" data-e-type=\"widget\" data-widget_type=\"heading.default\">\n\t\t\t\t<div class=\"elementor-widget-container\">\n\t\t\t\t\t<h4 class=\"elementor-heading-title elementor-size-default\">HLSW 1.4.0.5 with Fixes<\/h4>\t\t\t\t<\/div>\n\t\t\t\t<\/div>\n\t\t\t\t<div class=\"elementor-element elementor-element-890dcae elementor-widget elementor-widget-text-editor\" data-id=\"890dcae\" data-element_type=\"widget\" data-e-type=\"widget\" data-widget_type=\"text-editor.default\">\n\t\t\t\t<div class=\"elementor-widget-container\">\n\t\t\t\t\t\t\t\t\tTool to manage and search for game servers, facilitating connection.\t\t\t\t\t\t\t\t<\/div>\n\t\t\t\t<\/div>\n\t\t\t\t<\/div>\n\t\t\t\t<div class=\"elementor-element elementor-element-81322df downhover-ico elementor-hidden-mobile elementor-view-default elementor-widget elementor-widget-icon\" data-id=\"81322df\" data-element_type=\"widget\" data-e-type=\"widget\" data-widget_type=\"icon.default\">\n\t\t\t\t<div class=\"elementor-widget-container\">\n\t\t\t\t\t\t\t<div class=\"elementor-icon-wrapper\">\n\t\t\t<div class=\"elementor-icon\">\n\t\t\t<svg aria-hidden=\"true\" class=\"e-font-icon-svg e-fas-cloud-download-alt\" viewbox=\"0 0 640 512\" xmlns=\"http:\/\/www.w3.org\/2000\/svg\"><path d=\"M537.6 226.6c4.1-10.7 6.4-22.4 6.4-34.6 0-53-43-96-96-96-19.7 0-38.1 6-53.3 16.2C367 64.2 315.3 32 256 32c-88.4 0-160 71.6-160 160 0 2.7.1 5.4.2 8.1C40.2 219.8 0 273.2 0 336c0 79.5 64.5 144 144 144h368c70.7 0 128-57.3 128-128 0-61.9-44-113.6-102.4-125.4zm-132.9 88.7L299.3 420.7c-6.2 6.2-16.4 6.2-22.6 0L171.3 315.3c-10.1-10.1-2.9-27.3 11.3-27.3H248V176c0-8.8 7.2-16 16-16h48c8.8 0 16 7.2 16 16v112h65.4c14.2 0 21.4 17.2 11.3 27.3z\"><\/path><\/svg>\t\t\t<\/div>\n\t\t<\/div>\n\t\t\t\t\t\t<\/div>\n\t\t\t\t<\/div>\n\t\t\t\t<div class=\"elementor-element elementor-element-2738fdb downhover-ico elementor-absolute elementor-hidden-desktop elementor-hidden-tablet elementor-view-default elementor-widget elementor-widget-icon\" data-id=\"2738fdb\" data-element_type=\"widget\" data-e-type=\"widget\" data-settings=\"{&quot;_position&quot;:&quot;absolute&quot;}\" data-widget_type=\"icon.default\">\n\t\t\t\t<div class=\"elementor-widget-container\">\n\t\t\t\t\t\t\t<div class=\"elementor-icon-wrapper\">\n\t\t\t<div class=\"elementor-icon\">\n\t\t\t<svg aria-hidden=\"true\" class=\"e-font-icon-svg e-fas-cloud-download-alt\" viewbox=\"0 0 640 512\" xmlns=\"http:\/\/www.w3.org\/2000\/svg\"><path d=\"M537.6 226.6c4.1-10.7 6.4-22.4 6.4-34.6 0-53-43-96-96-96-19.7 0-38.1 6-53.3 16.2C367 64.2 315.3 32 256 32c-88.4 0-160 71.6-160 160 0 2.7.1 5.4.2 8.1C40.2 219.8 0 273.2 0 336c0 79.5 64.5 144 144 144h368c70.7 0 128-57.3 128-128 0-61.9-44-113.6-102.4-125.4zm-132.9 88.7L299.3 420.7c-6.2 6.2-16.4 6.2-22.6 0L171.3 315.3c-10.1-10.1-2.9-27.3 11.3-27.3H248V176c0-8.8 7.2-16 16-16h48c8.8 0 16 7.2 16 16v112h65.4c14.2 0 21.4 17.2 11.3 27.3z\"><\/path><\/svg>\t\t\t<\/div>\n\t\t<\/div>\n\t\t\t\t\t\t<\/div>\n\t\t\t\t<\/div>\n\t\t\t\t<\/a>\n\t\t<a class=\"elementor-element elementor-element-1f6b8ae e-con-full downhover e-flex e-con e-child\" data-id=\"1f6b8ae\" data-element_type=\"container\" data-e-type=\"container\" href=\"https:\/\/www.teamspeak.com\/pt\/downloads\/#ts3client\" target=\"_blank\">\n\t\t\t\t<div class=\"elementor-element elementor-element-8f58ef1 elementor-widget elementor-widget-image\" data-id=\"8f58ef1\" data-element_type=\"widget\" data-e-type=\"widget\" data-widget_type=\"image.default\">\n\t\t\t\t<div class=\"elementor-widget-container\">\n\t\t\t\t\t\t\t\t\t\t\t\t\t\t\t<img loading=\"lazy\" decoding=\"async\" width=\"800\" height=\"762\" src=\"https:\/\/hostgamer.com.br\/wp-content\/uploads\/2024\/10\/logo-ts.svg\" class=\"attachment-large size-large wp-image-2153\" alt=\"\" \/>\t\t\t\t\t\t\t\t\t\t\t\t\t\t\t<\/div>\n\t\t\t\t<\/div>\n\t\t<div class=\"elementor-element elementor-element-7229abc e-con-full e-flex e-con e-child\" data-id=\"7229abc\" data-element_type=\"container\" data-e-type=\"container\">\n\t\t\t\t<div class=\"elementor-element elementor-element-601a0f3 downhover-titu elementor-widget elementor-widget-heading\" data-id=\"601a0f3\" data-element_type=\"widget\" data-e-type=\"widget\" data-widget_type=\"heading.default\">\n\t\t\t\t<div class=\"elementor-widget-container\">\n\t\t\t\t\t<h4 class=\"elementor-heading-title elementor-size-default\">Team Speak<\/h4>\t\t\t\t<\/div>\n\t\t\t\t<\/div>\n\t\t\t\t<div class=\"elementor-element elementor-element-594f609 elementor-widget elementor-widget-text-editor\" data-id=\"594f609\" data-element_type=\"widget\" data-e-type=\"widget\" data-widget_type=\"text-editor.default\">\n\t\t\t\t<div class=\"elementor-widget-container\">\n\t\t\t\t\t\t\t\t\t<p>TeamSpeak Client delivers lag-free communication, advanced productivity, and world-renowned security.<\/p>\t\t\t\t\t\t\t\t<\/div>\n\t\t\t\t<\/div>\n\t\t\t\t<\/div>\n\t\t\t\t<div class=\"elementor-element elementor-element-b0c1a31 downhover-ico elementor-hidden-mobile elementor-view-default elementor-widget elementor-widget-icon\" data-id=\"b0c1a31\" data-element_type=\"widget\" data-e-type=\"widget\" data-widget_type=\"icon.default\">\n\t\t\t\t<div class=\"elementor-widget-container\">\n\t\t\t\t\t\t\t<div class=\"elementor-icon-wrapper\">\n\t\t\t<div class=\"elementor-icon\">\n\t\t\t<svg aria-hidden=\"true\" class=\"e-font-icon-svg e-fas-cloud-download-alt\" viewbox=\"0 0 640 512\" xmlns=\"http:\/\/www.w3.org\/2000\/svg\"><path d=\"M537.6 226.6c4.1-10.7 6.4-22.4 6.4-34.6 0-53-43-96-96-96-19.7 0-38.1 6-53.3 16.2C367 64.2 315.3 32 256 32c-88.4 0-160 71.6-160 160 0 2.7.1 5.4.2 8.1C40.2 219.8 0 273.2 0 336c0 79.5 64.5 144 144 144h368c70.7 0 128-57.3 128-128 0-61.9-44-113.6-102.4-125.4zm-132.9 88.7L299.3 420.7c-6.2 6.2-16.4 6.2-22.6 0L171.3 315.3c-10.1-10.1-2.9-27.3 11.3-27.3H248V176c0-8.8 7.2-16 16-16h48c8.8 0 16 7.2 16 16v112h65.4c14.2 0 21.4 17.2 11.3 27.3z\"><\/path><\/svg>\t\t\t<\/div>\n\t\t<\/div>\n\t\t\t\t\t\t<\/div>\n\t\t\t\t<\/div>\n\t\t\t\t<div class=\"elementor-element elementor-element-0d8e05c downhover-ico elementor-absolute elementor-hidden-desktop elementor-hidden-tablet elementor-view-default elementor-widget elementor-widget-icon\" data-id=\"0d8e05c\" data-element_type=\"widget\" data-e-type=\"widget\" data-settings=\"{&quot;_position&quot;:&quot;absolute&quot;}\" data-widget_type=\"icon.default\">\n\t\t\t\t<div class=\"elementor-widget-container\">\n\t\t\t\t\t\t\t<div class=\"elementor-icon-wrapper\">\n\t\t\t<div class=\"elementor-icon\">\n\t\t\t<svg aria-hidden=\"true\" class=\"e-font-icon-svg e-fas-cloud-download-alt\" viewbox=\"0 0 640 512\" xmlns=\"http:\/\/www.w3.org\/2000\/svg\"><path d=\"M537.6 226.6c4.1-10.7 6.4-22.4 6.4-34.6 0-53-43-96-96-96-19.7 0-38.1 6-53.3 16.2C367 64.2 315.3 32 256 32c-88.4 0-160 71.6-160 160 0 2.7.1 5.4.2 8.1C40.2 219.8 0 273.2 0 336c0 79.5 64.5 144 144 144h368c70.7 0 128-57.3 128-128 0-61.9-44-113.6-102.4-125.4zm-132.9 88.7L299.3 420.7c-6.2 6.2-16.4 6.2-22.6 0L171.3 315.3c-10.1-10.1-2.9-27.3 11.3-27.3H248V176c0-8.8 7.2-16 16-16h48c8.8 0 16 7.2 16 16v112h65.4c14.2 0 21.4 17.2 11.3 27.3z\"><\/path><\/svg>\t\t\t<\/div>\n\t\t<\/div>\n\t\t\t\t\t\t<\/div>\n\t\t\t\t<\/div>\n\t\t\t\t<\/a>\n\t\t\t\t\t<\/div>\n\t\t\t\t<\/div>\n\t\t\t\t<\/div>","protected":false},"excerpt":{"rendered":"<p>FileZilla A solu\u00e7\u00e3o FTP gratuita para cliente e servidor. CoDRconTool Ferramentas de administra\u00e7\u00e3o de servidor muito popular para CoD. HLSW 1.4.0.5 with Fixes Ferramenta para administrar e buscar servidores de jogos, facilitando a conex\u00e3o. Team Speak TeamSpeak Client oferece comunica\u00e7\u00e3o sem atrasos, produtividade avan\u00e7ada e seguran\u00e7a reconhecida mundialmente.<\/p>","protected":false},"author":1,"featured_media":2188,"parent":0,"menu_order":0,"comment_status":"closed","ping_status":"closed","template":"","meta":{"inline_featured_image":false,"footnotes":""},"class_list":["post-2187","page","type-page","status-publish","has-post-thumbnail","hentry"],"yoast_head":"<!-- This site is optimized with the Yoast SEO Premium plugin v23.8 (Yoast SEO v23.8) - https:\/\/yoast.com\/wordpress\/plugins\/seo\/ -->\n<title>Downloads - HostGamer<\/title>\n<meta name=\"robots\" content=\"index, follow, max-snippet:-1, max-image-preview:large, max-video-preview:-1\" \/>\n<link rel=\"canonical\" href=\"https:\/\/hostgamer.com.br\/en\/downloads\/\" \/>\n<meta property=\"og:locale\" content=\"en_US\" \/>\n<meta property=\"og:type\" content=\"article\" \/>\n<meta property=\"og:title\" content=\"Downloads\" \/>\n<meta property=\"og:description\" content=\"FileZilla A solu\u00e7\u00e3o FTP gratuita para cliente e servidor. CoDRconTool Ferramentas de administra\u00e7\u00e3o de servidor muito popular para CoD. HLSW 1.4.0.5 with Fixes Ferramenta para administrar e buscar servidores de jogos, facilitando a conex\u00e3o. Team Speak TeamSpeak Client oferece comunica\u00e7\u00e3o sem atrasos, produtividade avan\u00e7ada e seguran\u00e7a reconhecida mundialmente.\" \/>\n<meta property=\"og:url\" content=\"https:\/\/hostgamer.com.br\/en\/downloads\/\" \/>\n<meta property=\"og:site_name\" content=\"HostGamer\" \/>\n<meta property=\"article:modified_time\" content=\"2024-11-07T02:33:35+00:00\" \/>\n<meta property=\"og:image\" content=\"https:\/\/hostgamer.com.br\/wp-content\/uploads\/2024\/10\/bg-downloads.jpg\" \/>\n\t<meta property=\"og:image:width\" content=\"1920\" \/>\n\t<meta property=\"og:image:height\" content=\"471\" \/>\n\t<meta property=\"og:image:type\" content=\"image\/jpeg\" \/>\n<meta name=\"twitter:card\" content=\"summary_large_image\" \/>\n<meta name=\"twitter:label1\" content=\"Est. reading time\" \/>\n\t<meta name=\"twitter:data1\" content=\"2 minutes\" \/>\n<script type=\"application\/ld+json\" class=\"yoast-schema-graph\">{\"@context\":\"https:\/\/schema.org\",\"@graph\":[{\"@type\":\"WebPage\",\"@id\":\"https:\/\/hostgamer.com.br\/downloads\/\",\"url\":\"https:\/\/hostgamer.com.br\/downloads\/\",\"name\":\"Downloads - HostGamer\",\"isPartOf\":{\"@id\":\"https:\/\/hostgamer.com.br\/#website\"},\"primaryImageOfPage\":{\"@id\":\"https:\/\/hostgamer.com.br\/downloads\/#primaryimage\"},\"image\":{\"@id\":\"https:\/\/hostgamer.com.br\/downloads\/#primaryimage\"},\"thumbnailUrl\":\"https:\/\/hostgamer.com.br\/wp-content\/uploads\/2024\/10\/bg-downloads.jpg\",\"datePublished\":\"2024-10-24T23:55:41+00:00\",\"dateModified\":\"2024-11-07T02:33:35+00:00\",\"breadcrumb\":{\"@id\":\"https:\/\/hostgamer.com.br\/downloads\/#breadcrumb\"},\"inLanguage\":\"en-US\",\"potentialAction\":[{\"@type\":\"ReadAction\",\"target\":[\"https:\/\/hostgamer.com.br\/downloads\/\"]}]},{\"@type\":\"ImageObject\",\"inLanguage\":\"en-US\",\"@id\":\"https:\/\/hostgamer.com.br\/downloads\/#primaryimage\",\"url\":\"https:\/\/hostgamer.com.br\/wp-content\/uploads\/2024\/10\/bg-downloads.jpg\",\"contentUrl\":\"https:\/\/hostgamer.com.br\/wp-content\/uploads\/2024\/10\/bg-downloads.jpg\",\"width\":1920,\"height\":471},{\"@type\":\"BreadcrumbList\",\"@id\":\"https:\/\/hostgamer.com.br\/downloads\/#breadcrumb\",\"itemListElement\":[{\"@type\":\"ListItem\",\"position\":1,\"name\":\"In\u00edcio\",\"item\":\"https:\/\/hostgamer.com.br\/\"},{\"@type\":\"ListItem\",\"position\":2,\"name\":\"Downloads\"}]},{\"@type\":\"WebSite\",\"@id\":\"https:\/\/hostgamer.com.br\/#website\",\"url\":\"https:\/\/hostgamer.com.br\/\",\"name\":\"HostGamer\",\"description\":\"Solu\u00e7\u00f5es em hospedagem de jogos online\",\"publisher\":{\"@id\":\"https:\/\/hostgamer.com.br\/#organization\"},\"potentialAction\":[{\"@type\":\"SearchAction\",\"target\":{\"@type\":\"EntryPoint\",\"urlTemplate\":\"https:\/\/hostgamer.com.br\/?s={search_term_string}\"},\"query-input\":{\"@type\":\"PropertyValueSpecification\",\"valueRequired\":true,\"valueName\":\"search_term_string\"}}],\"inLanguage\":\"en-US\"},{\"@type\":\"Organization\",\"@id\":\"https:\/\/hostgamer.com.br\/#organization\",\"name\":\"HostGamer\",\"url\":\"https:\/\/hostgamer.com.br\/\",\"logo\":{\"@type\":\"ImageObject\",\"inLanguage\":\"en-US\",\"@id\":\"https:\/\/hostgamer.com.br\/#\/schema\/logo\/image\/\",\"url\":\"https:\/\/hostgamer.com.br\/wp-content\/uploads\/2024\/10\/favicon.png\",\"contentUrl\":\"https:\/\/hostgamer.com.br\/wp-content\/uploads\/2024\/10\/favicon.png\",\"width\":512,\"height\":512,\"caption\":\"HostGamer\"},\"image\":{\"@id\":\"https:\/\/hostgamer.com.br\/#\/schema\/logo\/image\/\"}}]}<\/script>\n<!-- \/ Yoast SEO Premium plugin. -->","yoast_head_json":{"title":"Downloads - HostGamer","robots":{"index":"index","follow":"follow","max-snippet":"max-snippet:-1","max-image-preview":"max-image-preview:large","max-video-preview":"max-video-preview:-1"},"canonical":"https:\/\/hostgamer.com.br\/en\/downloads\/","og_locale":"en_US","og_type":"article","og_title":"Downloads","og_description":"FileZilla A solu\u00e7\u00e3o FTP gratuita para cliente e servidor. CoDRconTool Ferramentas de administra\u00e7\u00e3o de servidor muito popular para CoD. HLSW 1.4.0.5 with Fixes Ferramenta para administrar e buscar servidores de jogos, facilitando a conex\u00e3o. Team Speak TeamSpeak Client oferece comunica\u00e7\u00e3o sem atrasos, produtividade avan\u00e7ada e seguran\u00e7a reconhecida mundialmente.","og_url":"https:\/\/hostgamer.com.br\/en\/downloads\/","og_site_name":"HostGamer","article_modified_time":"2024-11-07T02:33:35+00:00","og_image":[{"width":1920,"height":471,"url":"https:\/\/hostgamer.com.br\/wp-content\/uploads\/2024\/10\/bg-downloads.jpg","type":"image\/jpeg"}],"twitter_card":"summary_large_image","twitter_misc":{"Est. reading time":"2 minutes"},"schema":{"@context":"https:\/\/schema.org","@graph":[{"@type":"WebPage","@id":"https:\/\/hostgamer.com.br\/downloads\/","url":"https:\/\/hostgamer.com.br\/downloads\/","name":"Downloads - HostGamer","isPartOf":{"@id":"https:\/\/hostgamer.com.br\/#website"},"primaryImageOfPage":{"@id":"https:\/\/hostgamer.com.br\/downloads\/#primaryimage"},"image":{"@id":"https:\/\/hostgamer.com.br\/downloads\/#primaryimage"},"thumbnailUrl":"https:\/\/hostgamer.com.br\/wp-content\/uploads\/2024\/10\/bg-downloads.jpg","datePublished":"2024-10-24T23:55:41+00:00","dateModified":"2024-11-07T02:33:35+00:00","breadcrumb":{"@id":"https:\/\/hostgamer.com.br\/downloads\/#breadcrumb"},"inLanguage":"en-US","potentialAction":[{"@type":"ReadAction","target":["https:\/\/hostgamer.com.br\/downloads\/"]}]},{"@type":"ImageObject","inLanguage":"en-US","@id":"https:\/\/hostgamer.com.br\/downloads\/#primaryimage","url":"https:\/\/hostgamer.com.br\/wp-content\/uploads\/2024\/10\/bg-downloads.jpg","contentUrl":"https:\/\/hostgamer.com.br\/wp-content\/uploads\/2024\/10\/bg-downloads.jpg","width":1920,"height":471},{"@type":"BreadcrumbList","@id":"https:\/\/hostgamer.com.br\/downloads\/#breadcrumb","itemListElement":[{"@type":"ListItem","position":1,"name":"In\u00edcio","item":"https:\/\/hostgamer.com.br\/"},{"@type":"ListItem","position":2,"name":"Downloads"}]},{"@type":"WebSite","@id":"https:\/\/hostgamer.com.br\/#website","url":"https:\/\/hostgamer.com.br\/","name":"HostGamer","description":"Solu\u00e7\u00f5es em hospedagem de jogos online","publisher":{"@id":"https:\/\/hostgamer.com.br\/#organization"},"potentialAction":[{"@type":"SearchAction","target":{"@type":"EntryPoint","urlTemplate":"https:\/\/hostgamer.com.br\/?s={search_term_string}"},"query-input":{"@type":"PropertyValueSpecification","valueRequired":true,"valueName":"search_term_string"}}],"inLanguage":"en-US"},{"@type":"Organization","@id":"https:\/\/hostgamer.com.br\/#organization","name":"HostGamer","url":"https:\/\/hostgamer.com.br\/","logo":{"@type":"ImageObject","inLanguage":"en-US","@id":"https:\/\/hostgamer.com.br\/#\/schema\/logo\/image\/","url":"https:\/\/hostgamer.com.br\/wp-content\/uploads\/2024\/10\/favicon.png","contentUrl":"https:\/\/hostgamer.com.br\/wp-content\/uploads\/2024\/10\/favicon.png","width":512,"height":512,"caption":"HostGamer"},"image":{"@id":"https:\/\/hostgamer.com.br\/#\/schema\/logo\/image\/"}}]}},"_links":{"self":[{"href":"https:\/\/hostgamer.com.br\/en\/wp-json\/wp\/v2\/pages\/2187","targetHints":{"allow":["GET"]}}],"collection":[{"href":"https:\/\/hostgamer.com.br\/en\/wp-json\/wp\/v2\/pages"}],"about":[{"href":"https:\/\/hostgamer.com.br\/en\/wp-json\/wp\/v2\/types\/page"}],"author":[{"embeddable":true,"href":"https:\/\/hostgamer.com.br\/en\/wp-json\/wp\/v2\/users\/1"}],"replies":[{"embeddable":true,"href":"https:\/\/hostgamer.com.br\/en\/wp-json\/wp\/v2\/comments?post=2187"}],"version-history":[{"count":0,"href":"https:\/\/hostgamer.com.br\/en\/wp-json\/wp\/v2\/pages\/2187\/revisions"}],"wp:featuredmedia":[{"embeddable":true,"href":"https:\/\/hostgamer.com.br\/en\/wp-json\/wp\/v2\/media\/2188"}],"wp:attachment":[{"href":"https:\/\/hostgamer.com.br\/en\/wp-json\/wp\/v2\/media?parent=2187"}],"curies":[{"name":"wp","href":"https:\/\/api.w.org\/{rel}","templated":true}]}}