{"id":2037,"date":"2024-10-24T17:32:04","date_gmt":"2024-10-24T20:32:04","guid":{"rendered":"https:\/\/hostgamer.com.br\/?page_id=2037"},"modified":"2024-11-26T13:52:53","modified_gmt":"2024-11-26T16:52:53","slug":"blog","status":"publish","type":"page","link":"https:\/\/hostgamer.com.br\/en\/blog\/","title":{"rendered":"Blog"},"content":{"rendered":"<div data-elementor-type=\"wp-page\" data-elementor-id=\"2037\" class=\"elementor elementor-2037\" data-elementor-post-type=\"page\">\n\t\t\t\t<div class=\"elementor-element elementor-element-650abd3 e-flex e-con-boxed e-con e-parent\" data-id=\"650abd3\" data-element_type=\"container\" data-e-type=\"container\">\n\t\t\t\t\t<div class=\"e-con-inner\">\n\t\t\t\t<div class=\"elementor-element elementor-element-6343b3b elementor-grid-3 elementor-grid-tablet-2 elementor-grid-mobile-1 elementor-widget elementor-widget-loop-grid\" data-id=\"6343b3b\" data-element_type=\"widget\" data-e-type=\"widget\" data-settings=\"{&quot;template_id&quot;:&quot;2045&quot;,&quot;columns&quot;:3,&quot;pagination_type&quot;:&quot;numbers_and_prev_next&quot;,&quot;pagination_load_type&quot;:&quot;ajax&quot;,&quot;row_gap&quot;:{&quot;unit&quot;:&quot;px&quot;,&quot;size&quot;:40,&quot;sizes&quot;:[]},&quot;_skin&quot;:&quot;post&quot;,&quot;columns_tablet&quot;:&quot;2&quot;,&quot;columns_mobile&quot;:&quot;1&quot;,&quot;edit_handle_selector&quot;:&quot;[data-elementor-type=\\&quot;loop-item\\&quot;]&quot;,&quot;row_gap_laptop&quot;:{&quot;unit&quot;:&quot;px&quot;,&quot;size&quot;:&quot;&quot;,&quot;sizes&quot;:[]},&quot;row_gap_tablet&quot;:{&quot;unit&quot;:&quot;px&quot;,&quot;size&quot;:&quot;&quot;,&quot;sizes&quot;:[]},&quot;row_gap_mobile&quot;:{&quot;unit&quot;:&quot;px&quot;,&quot;size&quot;:&quot;&quot;,&quot;sizes&quot;:[]}}\" data-widget_type=\"loop-grid.post\">\n\t\t\t\t<div class=\"elementor-widget-container\">\n\t\t\t\t\t\t\t<div class=\"elementor-loop-container elementor-grid\" role=\"list\">\n\t\t<style id=\"loop-2045\">.elementor-2045 .elementor-element.elementor-element-3371e66f{--display:flex;--flex-direction:column;--container-widget-width:100%;--container-widget-height:initial;--container-widget-flex-grow:0;--container-widget-align-self:initial;--flex-wrap-mobile:wrap;--gap:0px 0px;--row-gap:0px;--column-gap:0px;--border-radius:20px 20px 20px 20px;--margin-top:0px;--margin-bottom:0px;--margin-left:0px;--margin-right:0px;--padding-top:0px;--padding-bottom:0px;--padding-left:0px;--padding-right:0px;}.elementor-2045 .elementor-element.elementor-element-3371e66f:hover{box-shadow:0px 2px 25px 0px rgba(0, 0, 0, 0.2);}.elementor-widget-theme-post-featured-image .widget-image-caption{color:var( --e-global-color-text );font-family:var( --e-global-typography-text-font-family ), Sans-serif;font-size:var( --e-global-typography-text-font-size );font-weight:var( --e-global-typography-text-font-weight );line-height:var( --e-global-typography-text-line-height );}.elementor-2045 .elementor-element.elementor-element-20ee5ce5 img{width:100%;filter:brightness( 100% ) contrast( 100% ) saturate( 100% ) blur( 0px ) hue-rotate( 0deg );transition-duration:0.2s;border-radius:7px 7px 7px 7px;}.elementor-2045 .elementor-element.elementor-element-20ee5ce5:hover img{opacity:1;filter:brightness( 105% ) contrast( 100% ) saturate( 105% ) blur( 0px ) hue-rotate( 0deg );}.elementor-2045 .elementor-element.elementor-element-20ee5ce5{width:100%;max-width:100%;}.elementor-2045 .elementor-element.elementor-element-52fddca{--display:flex;--flex-direction:row;--container-widget-width:calc( ( 1 - var( --container-widget-flex-grow ) ) * 100% );--container-widget-height:100%;--container-widget-flex-grow:1;--container-widget-align-self:stretch;--flex-wrap-mobile:wrap;--align-items:center;--gap:14px 14px;--row-gap:14px;--column-gap:14px;--margin-top:20px;--margin-bottom:10px;--margin-left:0px;--margin-right:0px;--padding-top:0px;--padding-bottom:0px;--padding-left:0px;--padding-right:0px;}.elementor-widget-text-editor{font-family:var( --e-global-typography-text-font-family ), Sans-serif;font-size:var( --e-global-typography-text-font-size );font-weight:var( --e-global-typography-text-font-weight );line-height:var( --e-global-typography-text-line-height );color:var( --e-global-color-text );}.elementor-widget-text-editor.elementor-drop-cap-view-stacked .elementor-drop-cap{background-color:var( --e-global-color-primary );}.elementor-widget-text-editor.elementor-drop-cap-view-framed .elementor-drop-cap, .elementor-widget-text-editor.elementor-drop-cap-view-default .elementor-drop-cap{color:var( --e-global-color-primary );border-color:var( --e-global-color-primary );}.elementor-2045 .elementor-element.elementor-element-1694a47{color:var( --e-global-color-primary );}.elementor-2045 .elementor-element.elementor-element-ccfd4dc{--display:flex;--flex-direction:row;--container-widget-width:calc( ( 1 - var( --container-widget-flex-grow ) ) * 100% );--container-widget-height:100%;--container-widget-flex-grow:1;--container-widget-align-self:stretch;--flex-wrap-mobile:wrap;--align-items:center;--gap:14px 14px;--row-gap:14px;--column-gap:14px;--margin-top:0px;--margin-bottom:10px;--margin-left:0px;--margin-right:0px;--padding-top:0px;--padding-bottom:0px;--padding-left:0px;--padding-right:0px;}.elementor-widget-theme-post-title .elementor-heading-title{font-family:var( --e-global-typography-primary-font-family ), Sans-serif;font-weight:var( --e-global-typography-primary-font-weight );color:var( --e-global-color-primary );}.elementor-2045 .elementor-element.elementor-element-a968f4e .elementor-heading-title{color:var( --e-global-color-accent );}.elementor-2045 .elementor-element.elementor-element-2715e1e{--display:flex;--flex-direction:row;--container-widget-width:calc( ( 1 - var( --container-widget-flex-grow ) ) * 100% );--container-widget-height:100%;--container-widget-flex-grow:1;--container-widget-align-self:stretch;--flex-wrap-mobile:wrap;--align-items:center;--gap:14px 14px;--row-gap:14px;--column-gap:14px;--padding-top:0px;--padding-bottom:0px;--padding-left:0px;--padding-right:0px;}.elementor-widget-theme-post-excerpt .elementor-widget-container{font-family:var( --e-global-typography-text-font-family ), Sans-serif;font-size:var( --e-global-typography-text-font-size );font-weight:var( --e-global-typography-text-font-weight );line-height:var( --e-global-typography-text-line-height );color:var( --e-global-color-text );}@media(min-width:768px){.elementor-2045 .elementor-element.elementor-element-3371e66f{--width:100%;}}@media(max-width:1366px){.elementor-widget-theme-post-featured-image .widget-image-caption{font-size:var( --e-global-typography-text-font-size );line-height:var( --e-global-typography-text-line-height );}.elementor-widget-text-editor{font-size:var( --e-global-typography-text-font-size );line-height:var( --e-global-typography-text-line-height );}.elementor-widget-theme-post-excerpt .elementor-widget-container{font-size:var( --e-global-typography-text-font-size );line-height:var( --e-global-typography-text-line-height );}}@media(max-width:1024px){.elementor-widget-theme-post-featured-image .widget-image-caption{font-size:var( --e-global-typography-text-font-size );line-height:var( --e-global-typography-text-line-height );}.elementor-2045 .elementor-element.elementor-element-20ee5ce5 img{width:100%;}.elementor-2045 .elementor-element.elementor-element-52fddca{--justify-content:space-between;}.elementor-widget-text-editor{font-size:var( --e-global-typography-text-font-size );line-height:var( --e-global-typography-text-line-height );}.elementor-2045 .elementor-element.elementor-element-ccfd4dc{--justify-content:space-between;}.elementor-2045 .elementor-element.elementor-element-2715e1e{--justify-content:space-between;}.elementor-widget-theme-post-excerpt .elementor-widget-container{font-size:var( --e-global-typography-text-font-size );line-height:var( --e-global-typography-text-line-height );}}@media(max-width:767px){.elementor-2045 .elementor-element.elementor-element-3371e66f{--width:100%;--margin-top:0px;--margin-bottom:0px;--margin-left:0px;--margin-right:0px;--padding-top:0px;--padding-bottom:0px;--padding-left:0px;--padding-right:0px;}.elementor-widget-theme-post-featured-image .widget-image-caption{font-size:var( --e-global-typography-text-font-size );line-height:var( --e-global-typography-text-line-height );}.elementor-2045 .elementor-element.elementor-element-20ee5ce5 img{width:100%;border-radius:0px 0px 0px 0px;}.elementor-2045 .elementor-element.elementor-element-52fddca{--justify-content:flex-start;--padding-top:0px;--padding-bottom:0px;--padding-left:25px;--padding-right:25px;}.elementor-widget-text-editor{font-size:var( --e-global-typography-text-font-size );line-height:var( --e-global-typography-text-line-height );}.elementor-2045 .elementor-element.elementor-element-ccfd4dc{--justify-content:flex-start;--margin-top:0px;--margin-bottom:0px;--margin-left:0px;--margin-right:0px;--padding-top:0px;--padding-bottom:0px;--padding-left:25px;--padding-right:25px;}.elementor-2045 .elementor-element.elementor-element-2715e1e{--justify-content:flex-start;--margin-top:0px;--margin-bottom:0px;--margin-left:0px;--margin-right:0px;--padding-top:0px;--padding-bottom:0px;--padding-left:25px;--padding-right:25px;}.elementor-widget-theme-post-excerpt .elementor-widget-container{font-size:var( --e-global-typography-text-font-size );line-height:var( --e-global-typography-text-line-height );}}<\/style>\t\t<div data-elementor-type=\"loop-item\" data-elementor-id=\"2045\" class=\"elementor elementor-2045 e-loop-item e-loop-item-1 post-1 post type-post status-publish format-standard has-post-thumbnail hentry category-uncategorized\" data-elementor-post-type=\"elementor_library\" data-custom-edit-handle=\"1\">\n\t\t\t<a class=\"elementor-element elementor-element-3371e66f e-con-full hover-blog e-flex e-con e-parent\" data-id=\"3371e66f\" data-element_type=\"container\" data-e-type=\"container\">\n\t\t\t\t<div class=\"elementor-element elementor-element-20ee5ce5 elementor-widget__width-inherit elementor-widget elementor-widget-theme-post-featured-image elementor-widget-image\" data-id=\"20ee5ce5\" data-element_type=\"widget\" data-e-type=\"widget\" data-widget_type=\"theme-post-featured-image.default\">\n\t\t\t\t<div class=\"elementor-widget-container\">\n\t\t\t\t\t\t\t\t\t\t\t\t\t\t\t\t<a href=\"https:\/\/hostgamer.com.br\/en\/segundo-paciente-com-chip-da-neuralink-ja-consegue-jogar-counter-strike-2\/\">\n\t\t\t\t\t\t\t<img loading=\"lazy\" decoding=\"async\" width=\"788\" height=\"443\" src=\"https:\/\/hostgamer.com.br\/wp-content\/uploads\/2024\/10\/neuralink.jpg\" class=\"elementor-animation-grow attachment-full size-full wp-image-3722\" alt=\"\" srcset=\"https:\/\/hostgamer.com.br\/wp-content\/uploads\/2024\/10\/neuralink.jpg 788w, https:\/\/hostgamer.com.br\/wp-content\/uploads\/2024\/10\/neuralink-768x432.jpg 768w, https:\/\/hostgamer.com.br\/wp-content\/uploads\/2024\/10\/neuralink-18x10.jpg 18w\" sizes=\"auto, (max-width: 788px) 100vw, 788px\" \/>\t\t\t\t\t\t\t\t<\/a>\n\t\t\t\t\t\t\t\t\t\t\t\t\t\t\t<\/div>\n\t\t\t\t<\/div>\n\t\t<div class=\"elementor-element elementor-element-52fddca e-con-full e-flex e-con e-child\" data-id=\"52fddca\" data-element_type=\"container\" data-e-type=\"container\">\n\t\t\t\t<div class=\"elementor-element elementor-element-1694a47 elementor-widget elementor-widget-text-editor\" data-id=\"1694a47\" data-element_type=\"widget\" data-e-type=\"widget\" data-widget_type=\"text-editor.default\">\n\t\t\t\t<div class=\"elementor-widget-container\">\n\t\t\t\t\t\t\t\t\t16\/10\/2024\t\t\t\t\t\t\t\t<\/div>\n\t\t\t\t<\/div>\n\t\t\t\t<\/div>\n\t\t<div class=\"elementor-element elementor-element-ccfd4dc e-con-full e-flex e-con e-child\" data-id=\"ccfd4dc\" data-element_type=\"container\" data-e-type=\"container\">\n\t\t\t\t<div class=\"elementor-element elementor-element-a968f4e marca-blog elementor-widget elementor-widget-theme-post-title elementor-page-title elementor-widget-heading\" data-id=\"a968f4e\" data-element_type=\"widget\" data-e-type=\"widget\" data-widget_type=\"theme-post-title.default\">\n\t\t\t\t<div class=\"elementor-widget-container\">\n\t\t\t\t\t<h4 class=\"elementor-heading-title elementor-size-default\"><a href=\"https:\/\/hostgamer.com.br\/en\/segundo-paciente-com-chip-da-neuralink-ja-consegue-jogar-counter-strike-2\/\">Segundo paciente com chip da Neuralink j\u00e1 consegue jogar Counter-Strike 2<\/a><\/h4>\t\t\t\t<\/div>\n\t\t\t\t<\/div>\n\t\t\t\t<\/div>\n\t\t<div class=\"elementor-element elementor-element-2715e1e e-con-full e-flex e-con e-child\" data-id=\"2715e1e\" data-element_type=\"container\" data-e-type=\"container\">\n\t\t\t\t<div class=\"elementor-element elementor-element-362e5b2 elementor-widget elementor-widget-theme-post-excerpt\" data-id=\"362e5b2\" data-element_type=\"widget\" data-e-type=\"widget\" data-widget_type=\"theme-post-excerpt.default\">\n\t\t\t\t<div class=\"elementor-widget-container\">\n\t\t\t\t\tHomem tetrapl\u00e9gico tamb\u00e9m \u00e9 capaz de usar software de design 3D.\t\t\t\t<\/div>\n\t\t\t\t<\/div>\n\t\t\t\t<\/div>\n\t\t\t\t<\/a>\n\t\t\t\t<\/div>\n\t\t\t\t<\/div>\n\t\t\n\t\t\t\t\t\t<\/div>\n\t\t\t\t<\/div>\n\t\t\t\t\t<\/div>\n\t\t\t\t<\/div>\n\t\t\t\t<\/div>","protected":false},"excerpt":{"rendered":"","protected":false},"author":1,"featured_media":2036,"parent":0,"menu_order":0,"comment_status":"closed","ping_status":"closed","template":"","meta":{"inline_featured_image":false,"footnotes":""},"class_list":["post-2037","page","type-page","status-publish","has-post-thumbnail","hentry"],"yoast_head":"<!-- This site is optimized with the Yoast SEO Premium plugin v23.8 (Yoast SEO v23.8) - https:\/\/yoast.com\/wordpress\/plugins\/seo\/ -->\n<title>Blog - HostGamer<\/title>\n<meta name=\"robots\" content=\"index, follow, max-snippet:-1, max-image-preview:large, max-video-preview:-1\" \/>\n<link rel=\"canonical\" href=\"https:\/\/hostgamer.com.br\/en\/blog\/\" \/>\n<meta property=\"og:locale\" content=\"en_US\" \/>\n<meta property=\"og:type\" content=\"article\" \/>\n<meta property=\"og:title\" content=\"Blog\" \/>\n<meta property=\"og:url\" content=\"https:\/\/hostgamer.com.br\/en\/blog\/\" \/>\n<meta property=\"og:site_name\" content=\"HostGamer\" \/>\n<meta property=\"article:modified_time\" content=\"2024-11-26T16:52:53+00:00\" \/>\n<meta property=\"og:image\" content=\"https:\/\/hostgamer.com.br\/wp-content\/uploads\/2024\/10\/bg-novidades.jpg\" \/>\n\t<meta property=\"og:image:width\" content=\"1920\" \/>\n\t<meta property=\"og:image:height\" content=\"471\" \/>\n\t<meta property=\"og:image:type\" content=\"image\/jpeg\" \/>\n<meta name=\"twitter:card\" content=\"summary_large_image\" \/>\n<meta name=\"twitter:label1\" content=\"Est. reading time\" \/>\n\t<meta name=\"twitter:data1\" content=\"1 minute\" \/>\n<script type=\"application\/ld+json\" class=\"yoast-schema-graph\">{\"@context\":\"https:\/\/schema.org\",\"@graph\":[{\"@type\":\"WebPage\",\"@id\":\"https:\/\/hostgamer.com.br\/blog\/\",\"url\":\"https:\/\/hostgamer.com.br\/blog\/\",\"name\":\"Blog - HostGamer\",\"isPartOf\":{\"@id\":\"https:\/\/hostgamer.com.br\/#website\"},\"primaryImageOfPage\":{\"@id\":\"https:\/\/hostgamer.com.br\/blog\/#primaryimage\"},\"image\":{\"@id\":\"https:\/\/hostgamer.com.br\/blog\/#primaryimage\"},\"thumbnailUrl\":\"https:\/\/hostgamer.com.br\/wp-content\/uploads\/2024\/10\/bg-novidades.jpg\",\"datePublished\":\"2024-10-24T20:32:04+00:00\",\"dateModified\":\"2024-11-26T16:52:53+00:00\",\"breadcrumb\":{\"@id\":\"https:\/\/hostgamer.com.br\/blog\/#breadcrumb\"},\"inLanguage\":\"en-US\",\"potentialAction\":[{\"@type\":\"ReadAction\",\"target\":[\"https:\/\/hostgamer.com.br\/blog\/\"]}]},{\"@type\":\"ImageObject\",\"inLanguage\":\"en-US\",\"@id\":\"https:\/\/hostgamer.com.br\/blog\/#primaryimage\",\"url\":\"https:\/\/hostgamer.com.br\/wp-content\/uploads\/2024\/10\/bg-novidades.jpg\",\"contentUrl\":\"https:\/\/hostgamer.com.br\/wp-content\/uploads\/2024\/10\/bg-novidades.jpg\",\"width\":1920,\"height\":471},{\"@type\":\"BreadcrumbList\",\"@id\":\"https:\/\/hostgamer.com.br\/blog\/#breadcrumb\",\"itemListElement\":[{\"@type\":\"ListItem\",\"position\":1,\"name\":\"In\u00edcio\",\"item\":\"https:\/\/hostgamer.com.br\/\"},{\"@type\":\"ListItem\",\"position\":2,\"name\":\"Blog\"}]},{\"@type\":\"WebSite\",\"@id\":\"https:\/\/hostgamer.com.br\/#website\",\"url\":\"https:\/\/hostgamer.com.br\/\",\"name\":\"HostGamer\",\"description\":\"Solu\u00e7\u00f5es em hospedagem de jogos online\",\"publisher\":{\"@id\":\"https:\/\/hostgamer.com.br\/#organization\"},\"potentialAction\":[{\"@type\":\"SearchAction\",\"target\":{\"@type\":\"EntryPoint\",\"urlTemplate\":\"https:\/\/hostgamer.com.br\/?s={search_term_string}\"},\"query-input\":{\"@type\":\"PropertyValueSpecification\",\"valueRequired\":true,\"valueName\":\"search_term_string\"}}],\"inLanguage\":\"en-US\"},{\"@type\":\"Organization\",\"@id\":\"https:\/\/hostgamer.com.br\/#organization\",\"name\":\"HostGamer\",\"url\":\"https:\/\/hostgamer.com.br\/\",\"logo\":{\"@type\":\"ImageObject\",\"inLanguage\":\"en-US\",\"@id\":\"https:\/\/hostgamer.com.br\/#\/schema\/logo\/image\/\",\"url\":\"https:\/\/hostgamer.com.br\/wp-content\/uploads\/2024\/10\/favicon.png\",\"contentUrl\":\"https:\/\/hostgamer.com.br\/wp-content\/uploads\/2024\/10\/favicon.png\",\"width\":512,\"height\":512,\"caption\":\"HostGamer\"},\"image\":{\"@id\":\"https:\/\/hostgamer.com.br\/#\/schema\/logo\/image\/\"}}]}<\/script>\n<!-- \/ Yoast SEO Premium plugin. -->","yoast_head_json":{"title":"Blog - HostGamer","robots":{"index":"index","follow":"follow","max-snippet":"max-snippet:-1","max-image-preview":"max-image-preview:large","max-video-preview":"max-video-preview:-1"},"canonical":"https:\/\/hostgamer.com.br\/en\/blog\/","og_locale":"en_US","og_type":"article","og_title":"Blog","og_url":"https:\/\/hostgamer.com.br\/en\/blog\/","og_site_name":"HostGamer","article_modified_time":"2024-11-26T16:52:53+00:00","og_image":[{"width":1920,"height":471,"url":"https:\/\/hostgamer.com.br\/wp-content\/uploads\/2024\/10\/bg-novidades.jpg","type":"image\/jpeg"}],"twitter_card":"summary_large_image","twitter_misc":{"Est. reading time":"1 minute"},"schema":{"@context":"https:\/\/schema.org","@graph":[{"@type":"WebPage","@id":"https:\/\/hostgamer.com.br\/blog\/","url":"https:\/\/hostgamer.com.br\/blog\/","name":"Blog - HostGamer","isPartOf":{"@id":"https:\/\/hostgamer.com.br\/#website"},"primaryImageOfPage":{"@id":"https:\/\/hostgamer.com.br\/blog\/#primaryimage"},"image":{"@id":"https:\/\/hostgamer.com.br\/blog\/#primaryimage"},"thumbnailUrl":"https:\/\/hostgamer.com.br\/wp-content\/uploads\/2024\/10\/bg-novidades.jpg","datePublished":"2024-10-24T20:32:04+00:00","dateModified":"2024-11-26T16:52:53+00:00","breadcrumb":{"@id":"https:\/\/hostgamer.com.br\/blog\/#breadcrumb"},"inLanguage":"en-US","potentialAction":[{"@type":"ReadAction","target":["https:\/\/hostgamer.com.br\/blog\/"]}]},{"@type":"ImageObject","inLanguage":"en-US","@id":"https:\/\/hostgamer.com.br\/blog\/#primaryimage","url":"https:\/\/hostgamer.com.br\/wp-content\/uploads\/2024\/10\/bg-novidades.jpg","contentUrl":"https:\/\/hostgamer.com.br\/wp-content\/uploads\/2024\/10\/bg-novidades.jpg","width":1920,"height":471},{"@type":"BreadcrumbList","@id":"https:\/\/hostgamer.com.br\/blog\/#breadcrumb","itemListElement":[{"@type":"ListItem","position":1,"name":"In\u00edcio","item":"https:\/\/hostgamer.com.br\/"},{"@type":"ListItem","position":2,"name":"Blog"}]},{"@type":"WebSite","@id":"https:\/\/hostgamer.com.br\/#website","url":"https:\/\/hostgamer.com.br\/","name":"HostGamer","description":"Solu\u00e7\u00f5es em hospedagem de jogos online","publisher":{"@id":"https:\/\/hostgamer.com.br\/#organization"},"potentialAction":[{"@type":"SearchAction","target":{"@type":"EntryPoint","urlTemplate":"https:\/\/hostgamer.com.br\/?s={search_term_string}"},"query-input":{"@type":"PropertyValueSpecification","valueRequired":true,"valueName":"search_term_string"}}],"inLanguage":"en-US"},{"@type":"Organization","@id":"https:\/\/hostgamer.com.br\/#organization","name":"HostGamer","url":"https:\/\/hostgamer.com.br\/","logo":{"@type":"ImageObject","inLanguage":"en-US","@id":"https:\/\/hostgamer.com.br\/#\/schema\/logo\/image\/","url":"https:\/\/hostgamer.com.br\/wp-content\/uploads\/2024\/10\/favicon.png","contentUrl":"https:\/\/hostgamer.com.br\/wp-content\/uploads\/2024\/10\/favicon.png","width":512,"height":512,"caption":"HostGamer"},"image":{"@id":"https:\/\/hostgamer.com.br\/#\/schema\/logo\/image\/"}}]}},"_links":{"self":[{"href":"https:\/\/hostgamer.com.br\/en\/wp-json\/wp\/v2\/pages\/2037","targetHints":{"allow":["GET"]}}],"collection":[{"href":"https:\/\/hostgamer.com.br\/en\/wp-json\/wp\/v2\/pages"}],"about":[{"href":"https:\/\/hostgamer.com.br\/en\/wp-json\/wp\/v2\/types\/page"}],"author":[{"embeddable":true,"href":"https:\/\/hostgamer.com.br\/en\/wp-json\/wp\/v2\/users\/1"}],"replies":[{"embeddable":true,"href":"https:\/\/hostgamer.com.br\/en\/wp-json\/wp\/v2\/comments?post=2037"}],"version-history":[{"count":0,"href":"https:\/\/hostgamer.com.br\/en\/wp-json\/wp\/v2\/pages\/2037\/revisions"}],"wp:featuredmedia":[{"embeddable":true,"href":"https:\/\/hostgamer.com.br\/en\/wp-json\/wp\/v2\/media\/2036"}],"wp:attachment":[{"href":"https:\/\/hostgamer.com.br\/en\/wp-json\/wp\/v2\/media?parent=2037"}],"curies":[{"name":"wp","href":"https:\/\/api.w.org\/{rel}","templated":true}]}}